{"id":7062,"date":"2019-02-10T20:03:24","date_gmt":"2019-02-10T19:03:24","guid":{"rendered":"https:\/\/www.franchise-iref.com\/index.php\/rekrutierung\/"},"modified":"2022-05-13T09:47:14","modified_gmt":"2022-05-13T07:47:14","slug":"rekrutierung","status":"publish","type":"page","link":"https:\/\/www.franchise-iref.com\/de\/rekrutierung\/","title":{"rendered":"Rekrutierung"},"content":{"rendered":"\t\t<div data-elementor-type=\"wp-post\" data-elementor-id=\"7062\" class=\"elementor elementor-7062 elementor-511\" data-elementor-settings=\"[]\">\n\t\t\t\t\t\t<div class=\"elementor-inner\">\n\t\t\t\t\t\t\t<div class=\"elementor-section-wrap\">\n\t\t\t\t\t\t\t<section class=\"elementor-section elementor-top-section elementor-element elementor-element-fac40b6 elementor-section-height-min-height elementor-section-stretched elementor-section-full_width elementor-section-content-middle elementor-section-height-default elementor-section-items-middle\" data-id=\"fac40b6\" data-element_type=\"section\" data-settings=\"{&quot;shape_divider_bottom&quot;:&quot;opacity-tilt&quot;,&quot;background_background&quot;:&quot;classic&quot;,&quot;stretch_section&quot;:&quot;section-stretched&quot;}\">\n\t\t\t\t\t\t\t<div class=\"elementor-background-overlay\"><\/div>\n\t\t\t\t\t\t<div class=\"elementor-shape elementor-shape-bottom\" data-negative=\"false\">\n\t\t\t<svg xmlns=\"http:\/\/www.w3.org\/2000\/svg\" viewBox=\"0 0 2600 131.1\" preserveAspectRatio=\"none\">\n\t<path class=\"elementor-shape-fill\" d=\"M0 0L2600 0 2600 69.1 0 0z\"\/>\n\t<path class=\"elementor-shape-fill\" style=\"opacity:0.5\" d=\"M0 0L2600 0 2600 69.1 0 69.1z\"\/>\n\t<path class=\"elementor-shape-fill\" style=\"opacity:0.25\" d=\"M2600 0L0 0 0 130.1 2600 69.1z\"\/>\n<\/svg>\t\t<\/div>\n\t\t\t\t\t<div class=\"elementor-container elementor-column-gap-default\">\n\t\t\t\t\t\t\t<div class=\"elementor-row\">\n\t\t\t\t\t<div class=\"elementor-column elementor-col-100 elementor-top-column elementor-element elementor-element-95feff3\" data-id=\"95feff3\" data-element_type=\"column\" data-settings=\"{&quot;background_background&quot;:&quot;classic&quot;}\">\n\t\t\t<div class=\"elementor-column-wrap\">\n\t\t\t\t\t<div class=\"elementor-background-overlay\"><\/div>\n\t\t\t\t\t\t\t<div class=\"elementor-widget-wrap\">\n\t\t\t\t\t\t\t\t<\/div>\n\t\t\t\t\t<\/div>\n\t\t<\/div>\n\t\t\t\t\t\t\t\t<\/div>\n\t\t\t\t\t<\/div>\n\t\t<\/section>\n\t\t\t\t<section class=\"elementor-section elementor-top-section elementor-element elementor-element-3d233a09 elementor-section-boxed elementor-section-height-default elementor-section-height-default\" data-id=\"3d233a09\" data-element_type=\"section\" data-settings=\"{&quot;background_background&quot;:&quot;classic&quot;}\">\n\t\t\t\t\t\t<div class=\"elementor-container elementor-column-gap-no\">\n\t\t\t\t\t\t\t<div class=\"elementor-row\">\n\t\t\t\t\t<div class=\"elementor-column elementor-col-100 elementor-top-column elementor-element elementor-element-fb0fa91\" data-id=\"fb0fa91\" data-element_type=\"column\">\n\t\t\t<div class=\"elementor-column-wrap elementor-element-populated\">\n\t\t\t\t\t\t\t<div class=\"elementor-widget-wrap\">\n\t\t\t\t\t\t<div class=\"elementor-element elementor-element-9445d0a elementor-widget elementor-widget-heading\" data-id=\"9445d0a\" data-element_type=\"widget\" data-widget_type=\"heading.default\">\n\t\t\t\t<div class=\"elementor-widget-container\">\n\t\t\t<h1 class=\"elementor-heading-title elementor-size-xxl\">Netzwerkrekrutierung<\/h1>\t\t<\/div>\n\t\t\t\t<\/div>\n\t\t\t\t<div class=\"elementor-element elementor-element-48767a4 elementor-widget elementor-widget-text-editor\" data-id=\"48767a4\" data-element_type=\"widget\" data-widget_type=\"text-editor.default\">\n\t\t\t\t<div class=\"elementor-widget-container\">\n\t\t\t\t\t<div class=\"elementor-text-editor elementor-clearfix\"><p>Sind Sie daran interessiert, einem Netzwerk beizutreten? <span style=\"font-size: inherit;\">Das IREF verf\u00fcgt \u00fcber einen spezialisierten Verbindungs-, Rekrutierungs- und Qualifizierungsservice.<\/span><\/p><\/div>\n\t\t\t\t<\/div>\n\t\t\t\t<\/div>\n\t\t\t\t\t\t<\/div>\n\t\t\t\t\t<\/div>\n\t\t<\/div>\n\t\t\t\t\t\t\t\t<\/div>\n\t\t\t\t\t<\/div>\n\t\t<\/section>\n\t\t\t\t<section class=\"elementor-section elementor-top-section elementor-element elementor-element-dab259b elementor-section-content-middle elementor-reverse-mobile elementor-section-boxed elementor-section-height-default elementor-section-height-default\" data-id=\"dab259b\" data-element_type=\"section\" data-settings=\"{&quot;background_background&quot;:&quot;classic&quot;}\">\n\t\t\t\t\t\t<div class=\"elementor-container elementor-column-gap-no\">\n\t\t\t\t\t\t\t<div class=\"elementor-row\">\n\t\t\t\t\t<div class=\"elementor-column elementor-col-100 elementor-top-column elementor-element elementor-element-3e60e1fb\" data-id=\"3e60e1fb\" data-element_type=\"column\">\n\t\t\t<div class=\"elementor-column-wrap elementor-element-populated\">\n\t\t\t\t\t\t\t<div class=\"elementor-widget-wrap\">\n\t\t\t\t\t\t<div class=\"elementor-element elementor-element-b45ae55 elementor-widget elementor-widget-text-editor\" data-id=\"b45ae55\" data-element_type=\"widget\" data-widget_type=\"text-editor.default\">\n\t\t\t\t<div class=\"elementor-widget-container\">\n\t\t\t\t\t<div class=\"elementor-text-editor elementor-clearfix\"><p><span style=\"font-size: 15px;\">Unabh\u00e4ngiger organisierter Handel ist ein gro\u00dfartiger Projektbeschleuniger, vorausgesetzt, Sie w\u00e4hlen eine Marke, die einen echten Mehrwert bringt (Schulung, Kommunikationstools, Unterst\u00fctzung usw.).<\/span><\/p><p><span style=\"font-size: 15px;\">Heute gibt es mehr als 2.000 Marken in allen Formen des organisierten unabh\u00e4ngigen und verbundenen Handels. F\u00fcr einen Kandidaten ist die Auswahl gro\u00df. Einige orientieren sich bei ihrer Auswahl an geografischen, wirtschaftlichen Kriterien, T\u00e4tigkeitsbereichen, Werten und dem Geist des Netzwerks.<\/span><\/p><\/div>\n\t\t\t\t<\/div>\n\t\t\t\t<\/div>\n\t\t\t\t\t\t<\/div>\n\t\t\t\t\t<\/div>\n\t\t<\/div>\n\t\t\t\t\t\t\t\t<\/div>\n\t\t\t\t\t<\/div>\n\t\t<\/section>\n\t\t\t\t<section class=\"elementor-section elementor-top-section elementor-element elementor-element-7a890919 elementor-section-content-middle elementor-section-boxed elementor-section-height-default elementor-section-height-default\" data-id=\"7a890919\" data-element_type=\"section\" data-settings=\"{&quot;background_background&quot;:&quot;classic&quot;}\">\n\t\t\t\t\t\t<div class=\"elementor-container elementor-column-gap-wide\">\n\t\t\t\t\t\t\t<div class=\"elementor-row\">\n\t\t\t\t\t<div class=\"elementor-column elementor-col-50 elementor-top-column elementor-element elementor-element-3a6de187\" data-id=\"3a6de187\" data-element_type=\"column\">\n\t\t\t<div class=\"elementor-column-wrap elementor-element-populated\">\n\t\t\t\t\t\t\t<div class=\"elementor-widget-wrap\">\n\t\t\t\t\t\t<div class=\"elementor-element elementor-element-cc9b801 elementor-widget-divider--view-line elementor-widget elementor-widget-divider\" data-id=\"cc9b801\" data-element_type=\"widget\" data-widget_type=\"divider.default\">\n\t\t\t\t<div class=\"elementor-widget-container\">\n\t\t\t\t\t<div class=\"elementor-divider\">\n\t\t\t<span class=\"elementor-divider-separator\">\n\t\t\t\t\t\t<\/span>\n\t\t<\/div>\n\t\t\t\t<\/div>\n\t\t\t\t<\/div>\n\t\t\t\t<div class=\"elementor-element elementor-element-77eaac48 elementor-widget elementor-widget-heading\" data-id=\"77eaac48\" data-element_type=\"widget\" data-widget_type=\"heading.default\">\n\t\t\t\t<div class=\"elementor-widget-container\">\n\t\t\t<h2 class=\"elementor-heading-title elementor-size-xl\">Sind Sie entschlossen, Ihr eigener Chef zu werden und sich einem Netzwerk anzuschlie\u00dfen?\u200b<\/h2>\t\t<\/div>\n\t\t\t\t<\/div>\n\t\t\t\t\t\t<\/div>\n\t\t\t\t\t<\/div>\n\t\t<\/div>\n\t\t\t\t<div class=\"elementor-column elementor-col-50 elementor-top-column elementor-element elementor-element-3c28115d\" data-id=\"3c28115d\" data-element_type=\"column\">\n\t\t\t<div class=\"elementor-column-wrap elementor-element-populated\">\n\t\t\t\t\t\t\t<div class=\"elementor-widget-wrap\">\n\t\t\t\t\t\t<div class=\"elementor-element elementor-element-3ffdbaf7 elementor-align-left elementor-icon-list--layout-traditional elementor-list-item-link-full_width elementor-widget elementor-widget-icon-list\" data-id=\"3ffdbaf7\" data-element_type=\"widget\" data-widget_type=\"icon-list.default\">\n\t\t\t\t<div class=\"elementor-widget-container\">\n\t\t\t\t\t<ul class=\"elementor-icon-list-items\">\n\t\t\t\t\t\t\t<li class=\"elementor-icon-list-item\">\n\t\t\t\t\t\t\t\t\t\t\t<span class=\"elementor-icon-list-icon\">\n\t\t\t\t\t\t\t\t\t\t\t\t\t\t\t\t<i class=\"fa fa-question\" aria-hidden=\"true\"><\/i>\n\t\t\t\t\t\t\t\t\t\t\t\t\t<\/span>\n\t\t\t\t\t\t\t\t\t\t<span class=\"elementor-icon-list-text\">Kann ich mein Projekt umsetzen?<\/span>\n\t\t\t\t\t\t\t\t\t<\/li>\n\t\t\t\t\t\t\t\t<li class=\"elementor-icon-list-item\">\n\t\t\t\t\t\t\t\t\t\t\t<span class=\"elementor-icon-list-icon\">\n\t\t\t\t\t\t\t\t\t\t\t\t\t\t\t\t<i class=\"fa fa-question\" aria-hidden=\"true\"><\/i>\n\t\t\t\t\t\t\t\t\t\t\t\t\t<\/span>\n\t\t\t\t\t\t\t\t\t\t<span class=\"elementor-icon-list-text\">Gibt es Netzwerke, die mir den Einstieg in einen neuen Beruf erm\u00f6glichen?<\/span>\n\t\t\t\t\t\t\t\t\t<\/li>\n\t\t\t\t\t\t\t\t<li class=\"elementor-icon-list-item\">\n\t\t\t\t\t\t\t\t\t\t\t<span class=\"elementor-icon-list-icon\">\n\t\t\t\t\t\t\t\t\t\t\t\t\t\t\t\t<i class=\"fa fa-question\" aria-hidden=\"true\"><\/i>\n\t\t\t\t\t\t\t\t\t\t\t\t\t<\/span>\n\t\t\t\t\t\t\t\t\t\t<span class=\"elementor-icon-list-text\">Ist der identifizierte Markt lebhaft?<\/span>\n\t\t\t\t\t\t\t\t\t<\/li>\n\t\t\t\t\t\t\t\t<li class=\"elementor-icon-list-item\">\n\t\t\t\t\t\t\t\t\t\t\t<span class=\"elementor-icon-list-icon\">\n\t\t\t\t\t\t\t\t\t\t\t\t\t\t\t\t<i class=\"fa fa-question\" aria-hidden=\"true\"><\/i>\n\t\t\t\t\t\t\t\t\t\t\t\t\t<\/span>\n\t\t\t\t\t\t\t\t\t\t<span class=\"elementor-icon-list-text\">Bin ich bereit zuzuh\u00f6ren, zu lernen, einen Erfolg zu duplizieren?<\/span>\n\t\t\t\t\t\t\t\t\t<\/li>\n\t\t\t\t\t\t<\/ul>\n\t\t\t\t<\/div>\n\t\t\t\t<\/div>\n\t\t\t\t<div class=\"elementor-element elementor-element-bb9a438 elementor-widget elementor-widget-text-editor\" data-id=\"bb9a438\" data-element_type=\"widget\" data-widget_type=\"text-editor.default\">\n\t\t\t\t<div class=\"elementor-widget-container\">\n\t\t\t\t\t<div class=\"elementor-text-editor elementor-clearfix\"><p><span style=\"font-size: 15px;\">Zu diesen Fragen kann ein zuk\u00fcnftiger Unternehmer, Franchisenehmer oder Partner die IREF im Rahmen der vom Verband aufgef\u00fchrten Informationen und in aller Objektivit\u00e4t um eine Stellungnahme und eine Empfehlung zu den T\u00e4tigkeitsbereichen und erfolgversprechenden Konzepten bitten.<\/span><\/p><\/div>\n\t\t\t\t<\/div>\n\t\t\t\t<\/div>\n\t\t\t\t<div class=\"elementor-element elementor-element-0d7dea1 elementor-widget elementor-widget-text-editor\" data-id=\"0d7dea1\" data-element_type=\"widget\" data-widget_type=\"text-editor.default\">\n\t\t\t\t<div class=\"elementor-widget-container\">\n\t\t\t\t\t<div class=\"elementor-text-editor elementor-clearfix\"><p><span style=\"font-size: 15px;\">Sie m\u00f6chten uns Ihre Fragen, Anmerkungen zukommen lassen oder bei den ersten Schritten von Unterst\u00fctzung profitieren?<\/span><\/p><\/div>\n\t\t\t\t<\/div>\n\t\t\t\t<\/div>\n\t\t\t\t<div class=\"elementor-element elementor-element-4c2bb9f elementor-widget elementor-widget-heading\" data-id=\"4c2bb9f\" data-element_type=\"widget\" data-widget_type=\"heading.default\">\n\t\t\t\t<div class=\"elementor-widget-container\">\n\t\t\t<p class=\"elementor-heading-title elementor-size-medium\"><a href=\"https:\/\/www.franchise-iref.com\/de\/?page_id=7011\">Wenden Sie sich an das IREF<\/a><\/p>\t\t<\/div>\n\t\t\t\t<\/div>\n\t\t\t\t<div class=\"elementor-element elementor-element-e76228b elementor-align-left elementor-icon-list--layout-traditional elementor-list-item-link-full_width elementor-widget elementor-widget-icon-list\" data-id=\"e76228b\" data-element_type=\"widget\" data-widget_type=\"icon-list.default\">\n\t\t\t\t<div class=\"elementor-widget-container\">\n\t\t\t\t\t<ul class=\"elementor-icon-list-items\">\n\t\t\t\t\t\t\t<li class=\"elementor-icon-list-item\">\n\t\t\t\t\t\t\t\t\t\t\t<span class=\"elementor-icon-list-icon\">\n\t\t\t\t\t\t\t\t\t\t\t\t\t\t\t\t<i class=\"fa fa-envelope-o\" aria-hidden=\"true\"><\/i>\n\t\t\t\t\t\t\t\t\t\t\t\t\t<\/span>\n\t\t\t\t\t\t\t\t\t\t<span class=\"elementor-icon-list-text\">contact@franchise-iref.com<\/span>\n\t\t\t\t\t\t\t\t\t<\/li>\n\t\t\t\t\t\t<\/ul>\n\t\t\t\t<\/div>\n\t\t\t\t<\/div>\n\t\t\t\t\t\t<\/div>\n\t\t\t\t\t<\/div>\n\t\t<\/div>\n\t\t\t\t\t\t\t\t<\/div>\n\t\t\t\t\t<\/div>\n\t\t<\/section>\n\t\t\t\t\t\t<\/div>\n\t\t\t\t\t\t<\/div>\n\t\t\t\t\t<\/div>\n\t\t","protected":false},"excerpt":{"rendered":"<p>Netzwerkrekrutierung Sind Sie daran interessiert, einem Netzwerk beizutreten? Das IREF verf\u00fcgt \u00fcber einen spezialisierten Verbindungs-, Rekrutierungs- und Qualifizierungsservice. Unabh\u00e4ngiger organisierter Handel ist ein gro\u00dfartiger Projektbeschleuniger, vorausgesetzt, Sie w\u00e4hlen eine Marke, die einen echten Mehrwert bringt (Schulung, Kommunikationstools, Unterst\u00fctzung usw.). Heute gibt es mehr als 2.000 Marken in allen Formen des<a class=\"moretag\" href=\"https:\/\/www.franchise-iref.com\/de\/rekrutierung\/\"> Weiterlesen<\/a><\/p>\n","protected":false},"author":6,"featured_media":0,"parent":0,"menu_order":0,"comment_status":"closed","ping_status":"closed","template":"page-templates\/template-pagebuilder-full-width.php","meta":{"spay_email":""},"yoast_head":"<!-- This site is optimized with the Yoast SEO plugin v15.0 - https:\/\/yoast.com\/wordpress\/plugins\/seo\/ -->\n<title>Rekrutierung - Franchise IREF<\/title>\n<meta name=\"description\" content=\"Sie interessieren sich f\u00fcr Franchise-Karrieren? IREF verf\u00fcgt \u00fcber einen Verbindungs-, Rekrutierungs- und spezialisierten Qualifizierungsdienst.\" \/>\n<meta name=\"robots\" content=\"index, follow, max-snippet:-1, max-image-preview:large, max-video-preview:-1\" \/>\n<link rel=\"canonical\" href=\"https:\/\/www.franchise-iref.com\/de\/rekrutierung\/\" \/>\n<meta property=\"og:locale\" content=\"de_DE\" \/>\n<meta property=\"og:type\" content=\"article\" \/>\n<meta property=\"og:title\" content=\"Rekrutierung - Franchise IREF\" \/>\n<meta property=\"og:description\" content=\"Sie interessieren sich f\u00fcr Franchise-Karrieren? IREF verf\u00fcgt \u00fcber einen Verbindungs-, Rekrutierungs- und spezialisierten Qualifizierungsdienst.\" \/>\n<meta property=\"og:url\" content=\"https:\/\/www.franchise-iref.com\/de\/rekrutierung\/\" \/>\n<meta property=\"og:site_name\" content=\"Franchise IREF\" \/>\n<meta property=\"article:publisher\" content=\"https:\/\/www.facebook.com\/IREF.federation\/\" \/>\n<meta property=\"article:modified_time\" content=\"2022-05-13T07:47:14+00:00\" \/>\n<meta name=\"twitter:card\" content=\"summary_large_image\" \/>\n<script type=\"application\/ld+json\" class=\"yoast-schema-graph\">{\"@context\":\"https:\/\/schema.org\",\"@graph\":[{\"@type\":\"WebSite\",\"@id\":\"https:\/\/www.franchise-iref.com\/de\/#website\",\"url\":\"https:\/\/www.franchise-iref.com\/de\/\",\"name\":\"Franchise IREF\",\"description\":\"F\\u00e9d\\u00e9ration des r\\u00e9seaux europ\\u00e9ens de partenariat et de Franchise\",\"potentialAction\":[{\"@type\":\"SearchAction\",\"target\":\"https:\/\/www.franchise-iref.com\/de\/?s={search_term_string}\",\"query-input\":\"required name=search_term_string\"}],\"inLanguage\":\"de\"},{\"@type\":\"WebPage\",\"@id\":\"https:\/\/www.franchise-iref.com\/de\/rekrutierung\/#webpage\",\"url\":\"https:\/\/www.franchise-iref.com\/de\/rekrutierung\/\",\"name\":\"Rekrutierung - Franchise IREF\",\"isPartOf\":{\"@id\":\"https:\/\/www.franchise-iref.com\/de\/#website\"},\"datePublished\":\"2019-02-10T19:03:24+00:00\",\"dateModified\":\"2022-05-13T07:47:14+00:00\",\"description\":\"Sie interessieren sich f\\u00fcr Franchise-Karrieren? IREF verf\\u00fcgt \\u00fcber einen Verbindungs-, Rekrutierungs- und spezialisierten Qualifizierungsdienst.\",\"inLanguage\":\"de\",\"potentialAction\":[{\"@type\":\"ReadAction\",\"target\":[\"https:\/\/www.franchise-iref.com\/de\/rekrutierung\/\"]}]}]}<\/script>\n<!-- \/ Yoast SEO plugin. -->","jetpack_sharing_enabled":true,"jetpack_shortlink":"https:\/\/wp.me\/PaUua0-1PU","_links":{"self":[{"href":"https:\/\/www.franchise-iref.com\/de\/wp-json\/wp\/v2\/pages\/7062"}],"collection":[{"href":"https:\/\/www.franchise-iref.com\/de\/wp-json\/wp\/v2\/pages"}],"about":[{"href":"https:\/\/www.franchise-iref.com\/de\/wp-json\/wp\/v2\/types\/page"}],"author":[{"embeddable":true,"href":"https:\/\/www.franchise-iref.com\/de\/wp-json\/wp\/v2\/users\/6"}],"replies":[{"embeddable":true,"href":"https:\/\/www.franchise-iref.com\/de\/wp-json\/wp\/v2\/comments?post=7062"}],"version-history":[{"count":2,"href":"https:\/\/www.franchise-iref.com\/de\/wp-json\/wp\/v2\/pages\/7062\/revisions"}],"predecessor-version":[{"id":7081,"href":"https:\/\/www.franchise-iref.com\/de\/wp-json\/wp\/v2\/pages\/7062\/revisions\/7081"}],"wp:attachment":[{"href":"https:\/\/www.franchise-iref.com\/de\/wp-json\/wp\/v2\/media?parent=7062"}],"curies":[{"name":"wp","href":"https:\/\/api.w.org\/{rel}","templated":true}]}}