{"id":7064,"date":"2019-03-03T18:46:05","date_gmt":"2019-03-03T17:46:05","guid":{"rendered":"https:\/\/www.franchise-iref.com\/index.php\/wettbewerbsregeln\/"},"modified":"2022-05-13T09:47:16","modified_gmt":"2022-05-13T07:47:16","slug":"wettbewerbsregeln","status":"publish","type":"page","link":"https:\/\/www.franchise-iref.com\/de\/wettbewerbsregeln\/","title":{"rendered":"Wettbewerbsregeln"},"content":{"rendered":"<h1>Wettbewerbsregeln<\/h1>\n<p>Die IREF 2022-Troph\u00e4en werden vom Ministerium f\u00fcr Wirtschaft, Finanzen und Wiederaufbau gesponsert.<\/p>\n<h2>Historisch<\/h2>\n<p>Der Wettbewerb \u201eBeste Franchisenehmer und Partner in Frankreich\u201c wurde 1987 von IREF, Verband der europ\u00e4ischen Partnerschafts- und Franchisenetzwerke, unter der hohen Schirmherrschaft des Ministeriums f\u00fcr Handel und Handwerk ins Leben gerufen. Er steht Franchisenehmern oder unabh\u00e4ngigen Partnern offen, pr\u00e4sentiert von ihrem Franchisegeber oder Hauptpartner, zu den erfolgreichsten im Netzwerk (maximal zwei pro Marke) und eventuell gesponsert von einer Pers\u00f6nlichkeit (Banker, Handelskammer, Wirtschaftspr\u00fcfer, Rechtsanwalt). , etc.).<\/p>\n<h2>Bedingungen<\/h2>\n<p>Teilnehmen k\u00f6nnen nur Franchisenehmer oder Partner mit mindestens zwei Gesch\u00e4ftsjahren. Um einen bereits angetretenen Kandidaten vertreten zu k\u00f6nnen, ist eine Frist von drei Jahren erforderlich.<\/p>\n<h2>Beteiligung<\/h2>\n<p style=\"font-weight: 400;\">Die Antragsunterlagen m\u00fcssen vom Leiter des Netzwerks und\/oder der unabh\u00e4ngigen Tochtergesellschaft ausgef\u00fcllt werden, m\u00f6glicherweise unterst\u00fctzt von seinem \u00fcblichen Berater (Wirtschaftspr\u00fcfer, Anwalt, technischer Berater der IHK, Bankier usw.).<\/p>\n<p style=\"font-weight: 400;\">Die Teilnahme am Wettbewerb ist kostenlos. Es wird ein fester Kostenbeitrag (Ehrung, Pokal, Diplom etc.) verlangt.<\/p>\n<h2>Bewerbungsmappe<\/h2>\n<p>Es ist wichtig, die Datei mit zus\u00e4tzlichen <strong>Dokumenten zu vervollst\u00e4ndigen, die die Aktion hervorheben:<\/strong> Fotodatei, Presseausschnitte, Zeugnisse usw. <strong style=\"font-family: inherit; font-size: inherit;\">F\u00fcr die Pr\u00e4sentation der Datei wird ein Sonderpreis erhoben.<\/strong><\/p>\n<p>\t\t\t<a href=\"https:\/\/www.franchise-iref.com\/de\/?page_id=7020#dossier_candidature\" target=\"_blank\" role=\"button\" rel=\"noopener noreferrer\"><br \/>\n\t\t\t\t\t\tLADEN SIE DIE ANWENDUNGSDATEI HERUNTER<br \/>\n\t\t\t\t\t<\/a><\/p>\n<h2>Sponsoring<\/h2>\n<p><strong>Wenn Patenschaft<\/strong><strong> <\/strong>(optional): ein <strong>Zertifikat des Sponsors <\/strong>m\u00fcssen zur Unterst\u00fctzung des Antrags vorgelegt werden.<\/p>\n<h2>Jury<\/h2>\n<p>Die nationale Jury setzt sich aus rund drei\u00dfig anerkannten Experten aus den Bereichen Vertrieb, Dienstleistung, Handwerk und Industrie zusammen, ausgenommen Franchisegeber oder Leiter von Netzwerken, die am Wettbewerb teilnehmen.<\/p>\n<h2>Gewinner<\/h2>\n<p><strong>Die Gewinner sind berechtigt, in ihrer Kommunikation das Logo des Wettbewerbs des Jahres der Verleihung gem\u00e4\u00df den Regeln der IREF zu verwenden<\/strong> .<\/p>\n<p>In diesem Jahr, der Jurysitzung im September, m\u00fcssen die Akten <strong>zwingend vor dem 25. Juni 2022 eintreffen.<\/strong><\/p>\n<p>Die Preisverleihung findet im November in Paris statt. <\/p>\n<h2>R\u00fccksendung der Bewerbungsunterlagen<\/h2>\n<ul>\n<li>\n\t\t\t\t\t\t\t\t\t\tIREF-Wettbewerb<br \/>58 Avenue des Vosges<br \/>67000 Stra\u00dfburg <br \/>Frankreich\n\t\t\t\t\t\t\t\t\t<\/li>\n<\/ul>\n<ul>\n<li>\n\t\t\t\t\t\t\t\t\t\t09 81 69 21 30\n\t\t\t\t\t\t\t\t\t<\/li>\n<\/ul>\n<ul>\n<li>\n\t\t\t\t\t<a href=\"mailto:contact@franchise-iref.com\"><br \/>\n\t\t\t\t\t\t\t\t\t\tcontact@franchise-iref.com<br \/>\n\t\t\t\t\t\t\t\t\t\t\t<\/a>\n\t\t\t\t\t\t\t\t\t<\/li>\n<\/ul>\n","protected":false},"excerpt":{"rendered":"<p>Wettbewerbsregeln Die IREF 2022-Troph\u00e4en werden vom Ministerium f\u00fcr Wirtschaft, Finanzen und Wiederaufbau gesponsert. Historisch Der Wettbewerb \u201eBeste Franchisenehmer und Partner in Frankreich\u201c wurde 1987 von IREF, Verband der europ\u00e4ischen Partnerschafts- und Franchisenetzwerke, unter der hohen Schirmherrschaft des Ministeriums f\u00fcr Handel und Handwerk ins Leben gerufen. Er steht Franchisenehmern oder unabh\u00e4ngigen<a class=\"moretag\" href=\"https:\/\/www.franchise-iref.com\/de\/wettbewerbsregeln\/\"> Weiterlesen<\/a><\/p>\n","protected":false},"author":6,"featured_media":0,"parent":0,"menu_order":0,"comment_status":"closed","ping_status":"closed","template":"elementor_header_footer","meta":{"spay_email":""},"yoast_head":"<!-- This site is optimized with the Yoast SEO plugin v15.0 - https:\/\/yoast.com\/wordpress\/plugins\/seo\/ -->\n<title>Wettbewerbsregeln - Franchise IREF<\/title>\n<meta name=\"description\" content=\"Der Wettbewerb \u201eBeste Franchisenehmer und Partner in Frankreich\u201c steht Franchisenehmern oder unabh\u00e4ngigen Partnern offen und wurde 1987 von IREF ins Leben gerufen.\" \/>\n<meta name=\"robots\" content=\"index, follow, max-snippet:-1, max-image-preview:large, max-video-preview:-1\" \/>\n<link rel=\"canonical\" href=\"https:\/\/www.franchise-iref.com\/de\/wettbewerbsregeln\/\" \/>\n<meta property=\"og:locale\" content=\"de_DE\" \/>\n<meta property=\"og:type\" content=\"article\" \/>\n<meta property=\"og:title\" content=\"Wettbewerbsregeln - Franchise IREF\" \/>\n<meta property=\"og:description\" content=\"Der Wettbewerb \u201eBeste Franchisenehmer und Partner in Frankreich\u201c steht Franchisenehmern oder unabh\u00e4ngigen Partnern offen und wurde 1987 von IREF ins Leben gerufen.\" \/>\n<meta property=\"og:url\" content=\"https:\/\/www.franchise-iref.com\/de\/wettbewerbsregeln\/\" \/>\n<meta property=\"og:site_name\" content=\"Franchise IREF\" \/>\n<meta property=\"article:publisher\" content=\"https:\/\/www.facebook.com\/IREF.federation\/\" \/>\n<meta property=\"article:modified_time\" content=\"2022-05-13T07:47:16+00:00\" \/>\n<meta name=\"twitter:card\" content=\"summary_large_image\" \/>\n<script type=\"application\/ld+json\" class=\"yoast-schema-graph\">{\"@context\":\"https:\/\/schema.org\",\"@graph\":[{\"@type\":\"WebSite\",\"@id\":\"https:\/\/www.franchise-iref.com\/de\/#website\",\"url\":\"https:\/\/www.franchise-iref.com\/de\/\",\"name\":\"Franchise IREF\",\"description\":\"F\\u00e9d\\u00e9ration des r\\u00e9seaux europ\\u00e9ens de partenariat et de Franchise\",\"potentialAction\":[{\"@type\":\"SearchAction\",\"target\":\"https:\/\/www.franchise-iref.com\/de\/?s={search_term_string}\",\"query-input\":\"required name=search_term_string\"}],\"inLanguage\":\"de\"},{\"@type\":\"WebPage\",\"@id\":\"https:\/\/www.franchise-iref.com\/de\/wettbewerbsregeln\/#webpage\",\"url\":\"https:\/\/www.franchise-iref.com\/de\/wettbewerbsregeln\/\",\"name\":\"Wettbewerbsregeln - Franchise IREF\",\"isPartOf\":{\"@id\":\"https:\/\/www.franchise-iref.com\/de\/#website\"},\"datePublished\":\"2019-03-03T17:46:05+00:00\",\"dateModified\":\"2022-05-13T07:47:16+00:00\",\"description\":\"Der Wettbewerb \\u201eBeste Franchisenehmer und Partner in Frankreich\\u201c steht Franchisenehmern oder unabh\\u00e4ngigen Partnern offen und wurde 1987 von IREF ins Leben gerufen.\",\"inLanguage\":\"de\",\"potentialAction\":[{\"@type\":\"ReadAction\",\"target\":[\"https:\/\/www.franchise-iref.com\/de\/wettbewerbsregeln\/\"]}]}]}<\/script>\n<!-- \/ Yoast SEO plugin. -->","jetpack_sharing_enabled":true,"jetpack_shortlink":"https:\/\/wp.me\/PaUua0-1PW","_links":{"self":[{"href":"https:\/\/www.franchise-iref.com\/de\/wp-json\/wp\/v2\/pages\/7064"}],"collection":[{"href":"https:\/\/www.franchise-iref.com\/de\/wp-json\/wp\/v2\/pages"}],"about":[{"href":"https:\/\/www.franchise-iref.com\/de\/wp-json\/wp\/v2\/types\/page"}],"author":[{"embeddable":true,"href":"https:\/\/www.franchise-iref.com\/de\/wp-json\/wp\/v2\/users\/6"}],"replies":[{"embeddable":true,"href":"https:\/\/www.franchise-iref.com\/de\/wp-json\/wp\/v2\/comments?post=7064"}],"version-history":[{"count":2,"href":"https:\/\/www.franchise-iref.com\/de\/wp-json\/wp\/v2\/pages\/7064\/revisions"}],"predecessor-version":[{"id":7083,"href":"https:\/\/www.franchise-iref.com\/de\/wp-json\/wp\/v2\/pages\/7064\/revisions\/7083"}],"wp:attachment":[{"href":"https:\/\/www.franchise-iref.com\/de\/wp-json\/wp\/v2\/media?parent=7064"}],"curies":[{"name":"wp","href":"https:\/\/api.w.org\/{rel}","templated":true}]}}