{"id":7090,"date":"2019-04-04T23:59:27","date_gmt":"2019-04-04T21:59:27","guid":{"rendered":"https:\/\/www.franchise-iref.com\/index.php\/schlagen-sie-dem-netzwerk-ein-angebot-vor\/"},"modified":"2022-05-13T09:47:19","modified_gmt":"2022-05-13T07:47:19","slug":"schlagen-sie-dem-netzwerk-ein-angebot-vor","status":"publish","type":"page","link":"https:\/\/www.franchise-iref.com\/de\/schlagen-sie-dem-netzwerk-ein-angebot-vor\/","title":{"rendered":"Schlagen Sie dem Netzwerk ein Angebot vor"},"content":{"rendered":"\t\t<div data-elementor-type=\"wp-post\" data-elementor-id=\"7090\" class=\"elementor elementor-7090 elementor-1773\" data-elementor-settings=\"[]\">\n\t\t\t\t\t\t<div class=\"elementor-inner\">\n\t\t\t\t\t\t\t<div class=\"elementor-section-wrap\">\n\t\t\t\t\t\t\t<section class=\"elementor-section elementor-top-section elementor-element elementor-element-1d3a525 elementor-section-height-min-height elementor-section-stretched elementor-section-full_width elementor-section-content-middle elementor-section-height-default elementor-section-items-middle\" data-id=\"1d3a525\" data-element_type=\"section\" data-settings=\"{&quot;shape_divider_bottom&quot;:&quot;opacity-tilt&quot;,&quot;background_background&quot;:&quot;classic&quot;,&quot;stretch_section&quot;:&quot;section-stretched&quot;}\">\n\t\t\t\t\t\t\t<div class=\"elementor-background-overlay\"><\/div>\n\t\t\t\t\t\t<div class=\"elementor-shape elementor-shape-bottom\" data-negative=\"false\">\n\t\t\t<svg xmlns=\"http:\/\/www.w3.org\/2000\/svg\" viewBox=\"0 0 2600 131.1\" preserveAspectRatio=\"none\">\n\t<path class=\"elementor-shape-fill\" d=\"M0 0L2600 0 2600 69.1 0 0z\"\/>\n\t<path class=\"elementor-shape-fill\" style=\"opacity:0.5\" d=\"M0 0L2600 0 2600 69.1 0 69.1z\"\/>\n\t<path class=\"elementor-shape-fill\" style=\"opacity:0.25\" d=\"M2600 0L0 0 0 130.1 2600 69.1z\"\/>\n<\/svg>\t\t<\/div>\n\t\t\t\t\t<div class=\"elementor-container elementor-column-gap-default\">\n\t\t\t\t\t\t\t<div class=\"elementor-row\">\n\t\t\t\t\t<div class=\"elementor-column elementor-col-100 elementor-top-column elementor-element elementor-element-f9a8ca0\" data-id=\"f9a8ca0\" data-element_type=\"column\" data-settings=\"{&quot;background_background&quot;:&quot;classic&quot;}\">\n\t\t\t<div class=\"elementor-column-wrap\">\n\t\t\t\t\t<div class=\"elementor-background-overlay\"><\/div>\n\t\t\t\t\t\t\t<div class=\"elementor-widget-wrap\">\n\t\t\t\t\t\t\t\t<\/div>\n\t\t\t\t\t<\/div>\n\t\t<\/div>\n\t\t\t\t\t\t\t\t<\/div>\n\t\t\t\t\t<\/div>\n\t\t<\/section>\n\t\t\t\t<section class=\"elementor-section elementor-top-section elementor-element elementor-element-e8ba043 elementor-section-boxed elementor-section-height-default elementor-section-height-default\" data-id=\"e8ba043\" data-element_type=\"section\" data-settings=\"{&quot;background_background&quot;:&quot;classic&quot;}\">\n\t\t\t\t\t\t<div class=\"elementor-container elementor-column-gap-no\">\n\t\t\t\t\t\t\t<div class=\"elementor-row\">\n\t\t\t\t\t<div class=\"elementor-column elementor-col-100 elementor-top-column elementor-element elementor-element-e740378\" data-id=\"e740378\" data-element_type=\"column\">\n\t\t\t<div class=\"elementor-column-wrap elementor-element-populated\">\n\t\t\t\t\t\t\t<div class=\"elementor-widget-wrap\">\n\t\t\t\t\t\t<div class=\"elementor-element elementor-element-7c496b3 elementor-widget elementor-widget-heading\" data-id=\"7c496b3\" data-element_type=\"widget\" data-widget_type=\"heading.default\">\n\t\t\t\t<div class=\"elementor-widget-container\">\n\t\t\t<h1 class=\"elementor-heading-title elementor-size-xxl\">Schlagen Sie den Netzwerken ein Angebot vor<\/h1>\t\t<\/div>\n\t\t\t\t<\/div>\n\t\t\t\t<div class=\"elementor-element elementor-element-0dd90db elementor-widget elementor-widget-text-editor\" data-id=\"0dd90db\" data-element_type=\"widget\" data-widget_type=\"text-editor.default\">\n\t\t\t\t<div class=\"elementor-widget-container\">\n\t\t\t\t\t<div class=\"elementor-text-editor elementor-clearfix\"><p>Das Ziel von IREF ist es, Informationen f\u00fcr Partner, Leiter von Netzwerken (Franchise, Markenlizenz, Konzession, Partnerschaft) bereitzustellen, indem ein Aufbau des kollektiven Erfolgs um die Marke herum bef\u00fcrwortet wird, um die Eroberungspolitik und die Loyalit\u00e4t des Netzwerks zu erh\u00f6hen.<\/p><\/div>\n\t\t\t\t<\/div>\n\t\t\t\t<\/div>\n\t\t\t\t\t\t<\/div>\n\t\t\t\t\t<\/div>\n\t\t<\/div>\n\t\t\t\t\t\t\t\t<\/div>\n\t\t\t\t\t<\/div>\n\t\t<\/section>\n\t\t\t\t<section class=\"elementor-section elementor-inner-section elementor-element elementor-element-399a1c9 elementor-section-content-middle elementor-section-boxed elementor-section-height-default elementor-section-height-default\" data-id=\"399a1c9\" data-element_type=\"section\" data-settings=\"{&quot;background_background&quot;:&quot;classic&quot;}\">\n\t\t\t\t\t\t<div class=\"elementor-container elementor-column-gap-wide\">\n\t\t\t\t\t\t\t<div class=\"elementor-row\">\n\t\t\t\t\t<div class=\"elementor-column elementor-col-33 elementor-inner-column elementor-element elementor-element-5c2c8d2\" data-id=\"5c2c8d2\" data-element_type=\"column\" data-settings=\"{&quot;background_background&quot;:&quot;classic&quot;}\">\n\t\t\t<div class=\"elementor-column-wrap elementor-element-populated\">\n\t\t\t\t\t\t\t<div class=\"elementor-widget-wrap\">\n\t\t\t\t\t\t<div class=\"elementor-element elementor-element-66eecc0 elementor-position-top elementor-vertical-align-top elementor-widget elementor-widget-image-box\" data-id=\"66eecc0\" data-element_type=\"widget\" data-widget_type=\"image-box.default\">\n\t\t\t\t<div class=\"elementor-widget-container\">\n\t\t\t<div class=\"elementor-image-box-wrapper\"><figure class=\"elementor-image-box-img\"><img src=\"http:\/\/construction-franchise-iref.com\/wp-content\/uploads\/2019\/03\/rocket.png\" title=\"\" alt=\"\" \/><\/figure><div class=\"elementor-image-box-content\"><h3 class=\"elementor-image-box-title\">Leistung<\/h3><p class=\"elementor-image-box-description\">Beziehen Sie jeden Franchisegeber oder Partner in einen positiven Ansatz ein, um ein effektives und nachhaltiges Ergebnis zu erzielen<\/p><\/div><\/div>\t\t<\/div>\n\t\t\t\t<\/div>\n\t\t\t\t\t\t<\/div>\n\t\t\t\t\t<\/div>\n\t\t<\/div>\n\t\t\t\t<div class=\"elementor-column elementor-col-33 elementor-inner-column elementor-element elementor-element-7567de9\" data-id=\"7567de9\" data-element_type=\"column\" data-settings=\"{&quot;background_background&quot;:&quot;classic&quot;}\">\n\t\t\t<div class=\"elementor-column-wrap elementor-element-populated\">\n\t\t\t\t\t\t\t<div class=\"elementor-widget-wrap\">\n\t\t\t\t\t\t<div class=\"elementor-element elementor-element-864c5d2 elementor-position-top elementor-vertical-align-top elementor-widget elementor-widget-image-box\" data-id=\"864c5d2\" data-element_type=\"widget\" data-widget_type=\"image-box.default\">\n\t\t\t\t<div class=\"elementor-widget-container\">\n\t\t\t<div class=\"elementor-image-box-wrapper\"><figure class=\"elementor-image-box-img\"><img width=\"512\" height=\"512\" src=\"https:\/\/www.franchise-iref.com\/wp-content\/uploads\/2019\/05\/jigsaw.png\" class=\"attachment-full size-full\" alt=\"\" loading=\"lazy\" srcset=\"https:\/\/www.franchise-iref.com\/wp-content\/uploads\/2019\/05\/jigsaw.png 512w, https:\/\/www.franchise-iref.com\/wp-content\/uploads\/2019\/05\/jigsaw-150x150.png 150w, https:\/\/www.franchise-iref.com\/wp-content\/uploads\/2019\/05\/jigsaw-300x300.png 300w, https:\/\/www.franchise-iref.com\/wp-content\/uploads\/2019\/05\/jigsaw-50x50.png 50w\" sizes=\"(max-width: 512px) 100vw, 512px\" \/><\/figure><div class=\"elementor-image-box-content\"><h3 class=\"elementor-image-box-title\">Kreativit\u00e4t<\/h3><p class=\"elementor-image-box-description\">Schauen Sie sich jede Entit\u00e4t an und stellen Sie sich so den geeignetsten Weg vor, sie zu verbessern<\/p><\/div><\/div>\t\t<\/div>\n\t\t\t\t<\/div>\n\t\t\t\t\t\t<\/div>\n\t\t\t\t\t<\/div>\n\t\t<\/div>\n\t\t\t\t<div class=\"elementor-column elementor-col-33 elementor-inner-column elementor-element elementor-element-6540b52\" data-id=\"6540b52\" data-element_type=\"column\" data-settings=\"{&quot;background_background&quot;:&quot;classic&quot;}\">\n\t\t\t<div class=\"elementor-column-wrap elementor-element-populated\">\n\t\t\t\t\t\t\t<div class=\"elementor-widget-wrap\">\n\t\t\t\t\t\t<div class=\"elementor-element elementor-element-d611e06 elementor-position-top elementor-vertical-align-top elementor-widget elementor-widget-image-box\" data-id=\"d611e06\" data-element_type=\"widget\" data-widget_type=\"image-box.default\">\n\t\t\t\t<div class=\"elementor-widget-container\">\n\t\t\t<div class=\"elementor-image-box-wrapper\"><figure class=\"elementor-image-box-img\"><img src=\"http:\/\/construction-franchise-iref.com\/wp-content\/uploads\/2019\/03\/team.png\" title=\"\" alt=\"\" \/><\/figure><div class=\"elementor-image-box-content\"><h3 class=\"elementor-image-box-title\">Wachstum<\/h3><p class=\"elementor-image-box-description\">Die Beziehung als Wirkung und Methodenquelle, um Dynamik zu wecken, Anspruch in ein realistisches Projekt zu verwandeln, die Komplexit\u00e4t bestimmter Berufe zu bew\u00e4ltigen, Differenzen und sensible Kontexte auszub\u00fcgeln.<\/p><\/div><\/div>\t\t<\/div>\n\t\t\t\t<\/div>\n\t\t\t\t\t\t<\/div>\n\t\t\t\t\t<\/div>\n\t\t<\/div>\n\t\t\t\t\t\t\t\t<\/div>\n\t\t\t\t\t<\/div>\n\t\t<\/section>\n\t\t\t\t<section class=\"elementor-section elementor-top-section elementor-element elementor-element-536007c elementor-section-boxed elementor-section-height-default elementor-section-height-default\" data-id=\"536007c\" data-element_type=\"section\" data-settings=\"{&quot;background_background&quot;:&quot;classic&quot;}\">\n\t\t\t\t\t\t<div class=\"elementor-container elementor-column-gap-default\">\n\t\t\t\t\t\t\t<div class=\"elementor-row\">\n\t\t\t\t\t<div class=\"elementor-column elementor-col-100 elementor-top-column elementor-element elementor-element-e3f01e7\" data-id=\"e3f01e7\" data-element_type=\"column\">\n\t\t\t<div class=\"elementor-column-wrap elementor-element-populated\">\n\t\t\t\t\t\t\t<div class=\"elementor-widget-wrap\">\n\t\t\t\t\t\t<div class=\"elementor-element elementor-element-75623f8 elementor-widget elementor-widget-heading\" data-id=\"75623f8\" data-element_type=\"widget\" data-widget_type=\"heading.default\">\n\t\t\t\t<div class=\"elementor-widget-container\">\n\t\t\t<h5 class=\"elementor-heading-title elementor-size-default\">IREF IST AUCH F\u00c4HIG:<\/h5>\t\t<\/div>\n\t\t\t\t<\/div>\n\t\t\t\t<div class=\"elementor-element elementor-element-3517ff8 elementor-align-left elementor-icon-list--layout-traditional elementor-list-item-link-full_width elementor-widget elementor-widget-icon-list\" data-id=\"3517ff8\" data-element_type=\"widget\" data-widget_type=\"icon-list.default\">\n\t\t\t\t<div class=\"elementor-widget-container\">\n\t\t\t\t\t<ul class=\"elementor-icon-list-items\">\n\t\t\t\t\t\t\t<li class=\"elementor-icon-list-item\">\n\t\t\t\t\t\t\t\t\t\t\t<span class=\"elementor-icon-list-icon\">\n\t\t\t\t\t\t\t\t\t\t\t\t\t\t\t\t<i class=\"fa fa-check-square-o\" aria-hidden=\"true\"><\/i>\n\t\t\t\t\t\t\t\t\t\t\t\t\t<\/span>\n\t\t\t\t\t\t\t\t\t\t<span class=\"elementor-icon-list-text\">Bauen Sie auf dem Potenzial auf und entwickeln Sie die F\u00e4higkeiten jedes Einzelnen<\/span>\n\t\t\t\t\t\t\t\t\t<\/li>\n\t\t\t\t\t\t\t\t<li class=\"elementor-icon-list-item\">\n\t\t\t\t\t\t\t\t\t\t\t<span class=\"elementor-icon-list-icon\">\n\t\t\t\t\t\t\t\t\t\t\t\t\t\t\t\t<i class=\"fa fa-check-square-o\" aria-hidden=\"true\"><\/i>\n\t\t\t\t\t\t\t\t\t\t\t\t\t<\/span>\n\t\t\t\t\t\t\t\t\t\t<span class=\"elementor-icon-list-text\">Verstehen Sie mit Empathie und Transparenz die DNA jedes Netzwerks<\/span>\n\t\t\t\t\t\t\t\t\t<\/li>\n\t\t\t\t\t\t\t\t<li class=\"elementor-icon-list-item\">\n\t\t\t\t\t\t\t\t\t\t\t<span class=\"elementor-icon-list-icon\">\n\t\t\t\t\t\t\t\t\t\t\t\t\t\t\t\t<i class=\"fa fa-check-square-o\" aria-hidden=\"true\"><\/i>\n\t\t\t\t\t\t\t\t\t\t\t\t\t<\/span>\n\t\t\t\t\t\t\t\t\t\t<span class=\"elementor-icon-list-text\">Entwickeln Sie Effizienz und Effektivit\u00e4t f\u00fcr alle Mitglieder des Netzwerks<\/span>\n\t\t\t\t\t\t\t\t\t<\/li>\n\t\t\t\t\t\t\t\t<li class=\"elementor-icon-list-item\">\n\t\t\t\t\t\t\t\t\t\t\t<span class=\"elementor-icon-list-icon\">\n\t\t\t\t\t\t\t\t\t\t\t\t\t\t\t\t<i class=\"fa fa-check-square-o\" aria-hidden=\"true\"><\/i>\n\t\t\t\t\t\t\t\t\t\t\t\t\t<\/span>\n\t\t\t\t\t\t\t\t\t\t<span class=\"elementor-icon-list-text\">Den Wissens- und Erfahrungsaustausch f\u00f6rdern, um die Bereicherung der Marke zu optimieren<\/span>\n\t\t\t\t\t\t\t\t\t<\/li>\n\t\t\t\t\t\t\t\t<li class=\"elementor-icon-list-item\">\n\t\t\t\t\t\t\t\t\t\t\t<span class=\"elementor-icon-list-icon\">\n\t\t\t\t\t\t\t\t\t\t\t\t\t\t\t\t<i class=\"fa fa-check-square-o\" aria-hidden=\"true\"><\/i>\n\t\t\t\t\t\t\t\t\t\t\t\t\t<\/span>\n\t\t\t\t\t\t\t\t\t\t<span class=\"elementor-icon-list-text\">Das IREF tr\u00e4gt zu jedem Prozess der Antizipation und Ber\u00fccksichtigung der Entwicklungsschwellen jedes Netzwerks bei, die jeder nachhaltigen Entwicklung innewohnen.<\/span>\n\t\t\t\t\t\t\t\t\t<\/li>\n\t\t\t\t\t\t\t\t<li class=\"elementor-icon-list-item\">\n\t\t\t\t\t\t\t\t\t\t\t<span class=\"elementor-icon-list-icon\">\n\t\t\t\t\t\t\t\t\t\t\t\t\t\t\t\t<i class=\"fa fa-check-square-o\" aria-hidden=\"true\"><\/i>\n\t\t\t\t\t\t\t\t\t\t\t\t\t<\/span>\n\t\t\t\t\t\t\t\t\t\t<span class=\"elementor-icon-list-text\">IREF verf\u00fcgt \u00fcber umfangreiche Erfahrung in mehreren Sektoren<\/span>\n\t\t\t\t\t\t\t\t\t<\/li>\n\t\t\t\t\t\t<\/ul>\n\t\t\t\t<\/div>\n\t\t\t\t<\/div>\n\t\t\t\t\t\t<\/div>\n\t\t\t\t\t<\/div>\n\t\t<\/div>\n\t\t\t\t\t\t\t\t<\/div>\n\t\t\t\t\t<\/div>\n\t\t<\/section>\n\t\t\t\t<section class=\"elementor-section elementor-top-section elementor-element elementor-element-dfff406 elementor-section-boxed elementor-section-height-default elementor-section-height-default\" data-id=\"dfff406\" data-element_type=\"section\" data-settings=\"{&quot;background_background&quot;:&quot;classic&quot;}\">\n\t\t\t\t\t\t<div class=\"elementor-container elementor-column-gap-no\">\n\t\t\t\t\t\t\t<div class=\"elementor-row\">\n\t\t\t\t\t<div class=\"elementor-column elementor-col-100 elementor-top-column elementor-element elementor-element-6217c40\" data-id=\"6217c40\" data-element_type=\"column\">\n\t\t\t<div class=\"elementor-column-wrap elementor-element-populated\">\n\t\t\t\t\t\t\t<div class=\"elementor-widget-wrap\">\n\t\t\t\t\t\t<div class=\"elementor-element elementor-element-b9d9707 elementor-widget-divider--view-line elementor-widget elementor-widget-divider\" data-id=\"b9d9707\" data-element_type=\"widget\" data-widget_type=\"divider.default\">\n\t\t\t\t<div class=\"elementor-widget-container\">\n\t\t\t\t\t<div class=\"elementor-divider\">\n\t\t\t<span class=\"elementor-divider-separator\">\n\t\t\t\t\t\t<\/span>\n\t\t<\/div>\n\t\t\t\t<\/div>\n\t\t\t\t<\/div>\n\t\t\t\t<div class=\"elementor-element elementor-element-f6e2e45 elementor-widget elementor-widget-heading\" data-id=\"f6e2e45\" data-element_type=\"widget\" data-widget_type=\"heading.default\">\n\t\t\t\t<div class=\"elementor-widget-container\">\n\t\t\t<h2 class=\"elementor-heading-title elementor-size-xl\">Z\u00f6gern Sie nicht, uns zu kontaktieren, um Ihre Dienstleistungen anbieten zu k\u00f6nnen <br>zu unseren Mitgliedsnetzwerken.<\/h2>\t\t<\/div>\n\t\t\t\t<\/div>\n\t\t\t\t<div class=\"elementor-element elementor-element-853420f elementor-align-center elementor-icon-list--layout-traditional elementor-list-item-link-full_width elementor-widget elementor-widget-icon-list\" data-id=\"853420f\" data-element_type=\"widget\" data-widget_type=\"icon-list.default\">\n\t\t\t\t<div class=\"elementor-widget-container\">\n\t\t\t\t\t<ul class=\"elementor-icon-list-items\">\n\t\t\t\t\t\t\t<li class=\"elementor-icon-list-item\">\n\t\t\t\t\t<a href=\"https:\/\/www.franchise-iref.com\/de\/?page_id=7011\">\t\t\t\t\t\t<span class=\"elementor-icon-list-icon\">\n\t\t\t\t\t\t\t\t\t\t\t\t\t\t\t\t<i class=\"fa fa-chevron-circle-right\" aria-hidden=\"true\"><\/i>\n\t\t\t\t\t\t\t\t\t\t\t\t\t<\/span>\n\t\t\t\t\t\t\t\t\t\t<span class=\"elementor-icon-list-text\">Mehr Informationen anfordern<\/span>\n\t\t\t\t\t\t\t\t\t\t\t<\/a>\n\t\t\t\t\t\t\t\t\t<\/li>\n\t\t\t\t\t\t<\/ul>\n\t\t\t\t<\/div>\n\t\t\t\t<\/div>\n\t\t\t\t\t\t<\/div>\n\t\t\t\t\t<\/div>\n\t\t<\/div>\n\t\t\t\t\t\t\t\t<\/div>\n\t\t\t\t\t<\/div>\n\t\t<\/section>\n\t\t\t\t\t\t<\/div>\n\t\t\t\t\t\t<\/div>\n\t\t\t\t\t<\/div>\n\t\t","protected":false},"excerpt":{"rendered":"<p>Schlagen Sie den Netzwerken ein Angebot vor Das Ziel von IREF ist es, Informationen f\u00fcr Partner, Leiter von Netzwerken (Franchise, Markenlizenz, Konzession, Partnerschaft) bereitzustellen, indem ein Aufbau des kollektiven Erfolgs um die Marke herum bef\u00fcrwortet wird, um die Eroberungspolitik und die Loyalit\u00e4t des Netzwerks zu erh\u00f6hen. Leistung Beziehen Sie jeden<a class=\"moretag\" href=\"https:\/\/www.franchise-iref.com\/de\/schlagen-sie-dem-netzwerk-ein-angebot-vor\/\"> Weiterlesen<\/a><\/p>\n","protected":false},"author":6,"featured_media":0,"parent":0,"menu_order":0,"comment_status":"closed","ping_status":"closed","template":"elementor_header_footer","meta":{"spay_email":""},"yoast_head":"<!-- This site is optimized with the Yoast SEO plugin v15.0 - https:\/\/yoast.com\/wordpress\/plugins\/seo\/ -->\n<title>Schlagen Sie dem Netzwerk ein Angebot vor - Franchise IREF<\/title>\n<meta name=\"description\" content=\"Hier finden Sie alle Fragen und Antworten zu den Aufgaben von IREF und was es zu organisierten Handelsnetzwerken bringt.\" \/>\n<meta name=\"robots\" content=\"index, follow, max-snippet:-1, max-image-preview:large, max-video-preview:-1\" \/>\n<link rel=\"canonical\" href=\"https:\/\/www.franchise-iref.com\/de\/schlagen-sie-dem-netzwerk-ein-angebot-vor\/\" \/>\n<meta property=\"og:locale\" content=\"de_DE\" \/>\n<meta property=\"og:type\" content=\"article\" \/>\n<meta property=\"og:title\" content=\"Schlagen Sie dem Netzwerk ein Angebot vor - Franchise IREF\" \/>\n<meta property=\"og:description\" content=\"Hier finden Sie alle Fragen und Antworten zu den Aufgaben von IREF und was es zu organisierten Handelsnetzwerken bringt.\" \/>\n<meta property=\"og:url\" content=\"https:\/\/www.franchise-iref.com\/de\/schlagen-sie-dem-netzwerk-ein-angebot-vor\/\" \/>\n<meta property=\"og:site_name\" content=\"Franchise IREF\" \/>\n<meta property=\"article:publisher\" content=\"https:\/\/www.facebook.com\/IREF.federation\/\" \/>\n<meta property=\"article:modified_time\" content=\"2022-05-13T07:47:19+00:00\" \/>\n<meta property=\"og:image\" content=\"http:\/\/construction-franchise-iref.com\/wp-content\/uploads\/2019\/03\/rocket.png\" \/>\n<meta name=\"twitter:card\" content=\"summary_large_image\" \/>\n<script type=\"application\/ld+json\" class=\"yoast-schema-graph\">{\"@context\":\"https:\/\/schema.org\",\"@graph\":[{\"@type\":\"WebSite\",\"@id\":\"https:\/\/www.franchise-iref.com\/de\/#website\",\"url\":\"https:\/\/www.franchise-iref.com\/de\/\",\"name\":\"Franchise IREF\",\"description\":\"F\\u00e9d\\u00e9ration des r\\u00e9seaux europ\\u00e9ens de partenariat et de Franchise\",\"potentialAction\":[{\"@type\":\"SearchAction\",\"target\":\"https:\/\/www.franchise-iref.com\/de\/?s={search_term_string}\",\"query-input\":\"required name=search_term_string\"}],\"inLanguage\":\"de\"},{\"@type\":\"ImageObject\",\"@id\":\"https:\/\/www.franchise-iref.com\/de\/schlagen-sie-dem-netzwerk-ein-angebot-vor\/#primaryimage\",\"inLanguage\":\"de\",\"url\":\"http:\/\/construction-franchise-iref.com\/wp-content\/uploads\/2019\/03\/rocket.png\"},{\"@type\":\"WebPage\",\"@id\":\"https:\/\/www.franchise-iref.com\/de\/schlagen-sie-dem-netzwerk-ein-angebot-vor\/#webpage\",\"url\":\"https:\/\/www.franchise-iref.com\/de\/schlagen-sie-dem-netzwerk-ein-angebot-vor\/\",\"name\":\"Schlagen Sie dem Netzwerk ein Angebot vor - Franchise IREF\",\"isPartOf\":{\"@id\":\"https:\/\/www.franchise-iref.com\/de\/#website\"},\"primaryImageOfPage\":{\"@id\":\"https:\/\/www.franchise-iref.com\/de\/schlagen-sie-dem-netzwerk-ein-angebot-vor\/#primaryimage\"},\"datePublished\":\"2019-04-04T21:59:27+00:00\",\"dateModified\":\"2022-05-13T07:47:19+00:00\",\"description\":\"Hier finden Sie alle Fragen und Antworten zu den Aufgaben von IREF und was es zu organisierten Handelsnetzwerken bringt.\",\"inLanguage\":\"de\",\"potentialAction\":[{\"@type\":\"ReadAction\",\"target\":[\"https:\/\/www.franchise-iref.com\/de\/schlagen-sie-dem-netzwerk-ein-angebot-vor\/\"]}]}]}<\/script>\n<!-- \/ Yoast SEO plugin. -->","jetpack_sharing_enabled":true,"jetpack_shortlink":"https:\/\/wp.me\/PaUua0-1Qm","_links":{"self":[{"href":"https:\/\/www.franchise-iref.com\/de\/wp-json\/wp\/v2\/pages\/7090"}],"collection":[{"href":"https:\/\/www.franchise-iref.com\/de\/wp-json\/wp\/v2\/pages"}],"about":[{"href":"https:\/\/www.franchise-iref.com\/de\/wp-json\/wp\/v2\/types\/page"}],"author":[{"embeddable":true,"href":"https:\/\/www.franchise-iref.com\/de\/wp-json\/wp\/v2\/users\/6"}],"replies":[{"embeddable":true,"href":"https:\/\/www.franchise-iref.com\/de\/wp-json\/wp\/v2\/comments?post=7090"}],"version-history":[{"count":2,"href":"https:\/\/www.franchise-iref.com\/de\/wp-json\/wp\/v2\/pages\/7090\/revisions"}],"predecessor-version":[{"id":7099,"href":"https:\/\/www.franchise-iref.com\/de\/wp-json\/wp\/v2\/pages\/7090\/revisions\/7099"}],"wp:attachment":[{"href":"https:\/\/www.franchise-iref.com\/de\/wp-json\/wp\/v2\/media?parent=7090"}],"curies":[{"name":"wp","href":"https:\/\/api.w.org\/{rel}","templated":true}]}}