{"id":7149,"date":"2019-04-05T00:17:01","date_gmt":"2019-04-04T22:17:01","guid":{"rendered":"https:\/\/www.franchise-iref.com\/index.php\/als-experte-anerkannt-werden\/"},"modified":"2022-05-13T09:47:19","modified_gmt":"2022-05-13T07:47:19","slug":"als-experte-anerkannt-werden","status":"publish","type":"page","link":"https:\/\/www.franchise-iref.com\/de\/als-experte-anerkannt-werden\/","title":{"rendered":"Als Experte anerkannt werden"},"content":{"rendered":"\t\t<div data-elementor-type=\"wp-post\" data-elementor-id=\"7149\" class=\"elementor elementor-7149 elementor-1778\" data-elementor-settings=\"[]\">\n\t\t\t\t\t\t<div class=\"elementor-inner\">\n\t\t\t\t\t\t\t<div class=\"elementor-section-wrap\">\n\t\t\t\t\t\t\t<section class=\"elementor-section elementor-top-section elementor-element elementor-element-1d3a525 elementor-section-height-min-height elementor-section-stretched elementor-section-full_width elementor-section-content-middle elementor-section-height-default elementor-section-items-middle\" data-id=\"1d3a525\" data-element_type=\"section\" data-settings=\"{&quot;shape_divider_bottom&quot;:&quot;opacity-tilt&quot;,&quot;background_background&quot;:&quot;classic&quot;,&quot;stretch_section&quot;:&quot;section-stretched&quot;}\">\n\t\t\t\t\t\t\t<div class=\"elementor-background-overlay\"><\/div>\n\t\t\t\t\t\t<div class=\"elementor-shape elementor-shape-bottom\" data-negative=\"false\">\n\t\t\t<svg xmlns=\"http:\/\/www.w3.org\/2000\/svg\" viewBox=\"0 0 2600 131.1\" preserveAspectRatio=\"none\">\n\t<path class=\"elementor-shape-fill\" d=\"M0 0L2600 0 2600 69.1 0 0z\"\/>\n\t<path class=\"elementor-shape-fill\" style=\"opacity:0.5\" d=\"M0 0L2600 0 2600 69.1 0 69.1z\"\/>\n\t<path class=\"elementor-shape-fill\" style=\"opacity:0.25\" d=\"M2600 0L0 0 0 130.1 2600 69.1z\"\/>\n<\/svg>\t\t<\/div>\n\t\t\t\t\t<div class=\"elementor-container elementor-column-gap-default\">\n\t\t\t\t\t\t\t<div class=\"elementor-row\">\n\t\t\t\t\t<div class=\"elementor-column elementor-col-100 elementor-top-column elementor-element elementor-element-f9a8ca0\" data-id=\"f9a8ca0\" data-element_type=\"column\" data-settings=\"{&quot;background_background&quot;:&quot;classic&quot;}\">\n\t\t\t<div class=\"elementor-column-wrap\">\n\t\t\t\t\t<div class=\"elementor-background-overlay\"><\/div>\n\t\t\t\t\t\t\t<div class=\"elementor-widget-wrap\">\n\t\t\t\t\t\t\t\t<\/div>\n\t\t\t\t\t<\/div>\n\t\t<\/div>\n\t\t\t\t\t\t\t\t<\/div>\n\t\t\t\t\t<\/div>\n\t\t<\/section>\n\t\t\t\t<section class=\"elementor-section elementor-top-section elementor-element elementor-element-e8ba043 elementor-section-boxed elementor-section-height-default elementor-section-height-default\" data-id=\"e8ba043\" data-element_type=\"section\" data-settings=\"{&quot;background_background&quot;:&quot;classic&quot;}\">\n\t\t\t\t\t\t<div class=\"elementor-container elementor-column-gap-no\">\n\t\t\t\t\t\t\t<div class=\"elementor-row\">\n\t\t\t\t\t<div class=\"elementor-column elementor-col-100 elementor-top-column elementor-element elementor-element-e740378\" data-id=\"e740378\" data-element_type=\"column\">\n\t\t\t<div class=\"elementor-column-wrap elementor-element-populated\">\n\t\t\t\t\t\t\t<div class=\"elementor-widget-wrap\">\n\t\t\t\t\t\t<div class=\"elementor-element elementor-element-7c496b3 elementor-widget elementor-widget-heading\" data-id=\"7c496b3\" data-element_type=\"widget\" data-widget_type=\"heading.default\">\n\t\t\t\t<div class=\"elementor-widget-container\">\n\t\t\t<h1 class=\"elementor-heading-title elementor-size-xxl\">Als Experte anerkannt werden<\/h1>\t\t<\/div>\n\t\t\t\t<\/div>\n\t\t\t\t<div class=\"elementor-element elementor-element-0dd90db elementor-widget elementor-widget-text-editor\" data-id=\"0dd90db\" data-element_type=\"widget\" data-widget_type=\"text-editor.default\">\n\t\t\t\t<div class=\"elementor-widget-container\">\n\t\t\t\t\t<div class=\"elementor-text-editor elementor-clearfix\"><p>Die IREF f\u00f6rdert alle Formen des unabh\u00e4ngigen und assoziierten organisierten Handels (Franchise, Partnerschaft, Konzession, Markenlizenz, Kommissionszugeh\u00f6rigkeit etc.). Das IREF erm\u00f6glicht den Austausch, die Befruchtung ihrer Erfahrungen, um allen Netzwerken Kraft in ihrer Entwicklung, ihrer Organisation und ihrem Management zu geben.<\/p><\/div>\n\t\t\t\t<\/div>\n\t\t\t\t<\/div>\n\t\t\t\t\t\t<\/div>\n\t\t\t\t\t<\/div>\n\t\t<\/div>\n\t\t\t\t\t\t\t\t<\/div>\n\t\t\t\t\t<\/div>\n\t\t<\/section>\n\t\t\t\t<section class=\"elementor-section elementor-top-section elementor-element elementor-element-c0d38cb elementor-section-height-min-height elementor-section-content-middle elementor-section-boxed elementor-section-height-default elementor-section-items-middle\" data-id=\"c0d38cb\" data-element_type=\"section\" data-settings=\"{&quot;background_background&quot;:&quot;classic&quot;}\">\n\t\t\t\t\t\t<div class=\"elementor-container elementor-column-gap-wide\">\n\t\t\t\t\t\t\t<div class=\"elementor-row\">\n\t\t\t\t\t<div class=\"elementor-column elementor-col-50 elementor-top-column elementor-element elementor-element-49c3f18\" data-id=\"49c3f18\" data-element_type=\"column\">\n\t\t\t<div class=\"elementor-column-wrap elementor-element-populated\">\n\t\t\t\t\t\t\t<div class=\"elementor-widget-wrap\">\n\t\t\t\t\t\t<div class=\"elementor-element elementor-element-c6459c9 elementor-widget elementor-widget-text-editor\" data-id=\"c6459c9\" data-element_type=\"widget\" data-widget_type=\"text-editor.default\">\n\t\t\t\t<div class=\"elementor-widget-container\">\n\t\t\t\t\t<div class=\"elementor-text-editor elementor-clearfix\"><p><strong>Anerkannter IREF-Experte zu werden, ist der beste Weg, um ein Mindestma\u00df an Aufmerksamkeit, Respekt und Glaubw\u00fcrdigkeit im Bereich Franchising und Partnerschaft zu generieren.<\/strong><\/p><p>Ob Sie Angestellter, Manager, Unternehmer, Freiberufler oder anderweitig sind, Ihr gr\u00f6\u00dftes Kapital ist Ihr Fachwissen.<br>Ein wichtiger Faktor, der zu Expertise f\u00fchrt, ist Leidenschaft: Sie leiten Konferenzen, nehmen an Networking-Abenden teil oder beteiligen sich an Blogs zu Themen, die Sie beherrschen. <\/p><p>Als Experte bringen Sie eine neue Vision sowie eine Analyse zu den Themen ein, die von der IREF behandelt werden. So k\u00f6nnen Sie sich an der Entwicklung neuer Mittel, Werkzeuge und F\u00e4higkeiten beteiligen, die speziell der Welt der Netzwerke gewidmet sind. Die Sichtbarkeit, die Sie erlangen, wird ein neuer Ausdruck Ihrer Expertise sein.<\/p><\/div>\n\t\t\t\t<\/div>\n\t\t\t\t<\/div>\n\t\t\t\t<div class=\"elementor-element elementor-element-c845632 elementor-align-center elementor-icon-list--layout-traditional elementor-list-item-link-full_width elementor-widget elementor-widget-global elementor-global-1976 elementor-widget-icon-list\" data-id=\"c845632\" data-element_type=\"widget\" data-widget_type=\"icon-list.default\">\n\t\t\t\t<div class=\"elementor-widget-container\">\n\t\t\t\t\t<ul class=\"elementor-icon-list-items\">\n\t\t\t\t\t\t\t<li class=\"elementor-icon-list-item\">\n\t\t\t\t\t<a href=\"https:\/\/www.franchise-iref.com\/index.php\/contactez-nous\/\">\t\t\t\t\t\t<span class=\"elementor-icon-list-icon\">\n\t\t\t\t\t\t\t\t\t\t\t\t\t\t\t\t<i class=\"fa fa-chevron-circle-right\" aria-hidden=\"true\"><\/i>\n\t\t\t\t\t\t\t\t\t\t\t\t\t<\/span>\n\t\t\t\t\t\t\t\t\t\t<span class=\"elementor-icon-list-text\">Demander plus d'informations<\/span>\n\t\t\t\t\t\t\t\t\t\t\t<\/a>\n\t\t\t\t\t\t\t\t\t<\/li>\n\t\t\t\t\t\t<\/ul>\n\t\t\t\t<\/div>\n\t\t\t\t<\/div>\n\t\t\t\t\t\t<\/div>\n\t\t\t\t\t<\/div>\n\t\t<\/div>\n\t\t\t\t<div class=\"elementor-column elementor-col-50 elementor-top-column elementor-element elementor-element-04ddf11\" data-id=\"04ddf11\" data-element_type=\"column\">\n\t\t\t<div class=\"elementor-column-wrap elementor-element-populated\">\n\t\t\t\t\t\t\t<div class=\"elementor-widget-wrap\">\n\t\t\t\t\t\t<div class=\"elementor-element elementor-element-7796bd6 elementor-widget elementor-widget-image\" data-id=\"7796bd6\" data-element_type=\"widget\" data-widget_type=\"image.default\">\n\t\t\t\t<div class=\"elementor-widget-container\">\n\t\t\t\t\t<div class=\"elementor-image\">\n\t\t\t\t\t\t\t\t\t\t<img src=\"http:\/\/construction-franchise-iref.com\/wp-content\/uploads\/2019\/04\/expeet-franchise-iref.jpg\" title=\"\" alt=\"\" \/>\t\t\t\t\t\t\t\t\t\t\t<\/div>\n\t\t\t\t<\/div>\n\t\t\t\t<\/div>\n\t\t\t\t\t\t<\/div>\n\t\t\t\t\t<\/div>\n\t\t<\/div>\n\t\t\t\t\t\t\t\t<\/div>\n\t\t\t\t\t<\/div>\n\t\t<\/section>\n\t\t\t\t\t\t<\/div>\n\t\t\t\t\t\t<\/div>\n\t\t\t\t\t<\/div>\n\t\t","protected":false},"excerpt":{"rendered":"<p>Als Experte anerkannt werden Die IREF f\u00f6rdert alle Formen des unabh\u00e4ngigen und assoziierten organisierten Handels (Franchise, Partnerschaft, Konzession, Markenlizenz, Kommissionszugeh\u00f6rigkeit etc.). Das IREF erm\u00f6glicht den Austausch, die Befruchtung ihrer Erfahrungen, um allen Netzwerken Kraft in ihrer Entwicklung, ihrer Organisation und ihrem Management zu geben. Anerkannter IREF-Experte zu werden, ist der<a class=\"moretag\" href=\"https:\/\/www.franchise-iref.com\/de\/als-experte-anerkannt-werden\/\"> Weiterlesen<\/a><\/p>\n","protected":false},"author":6,"featured_media":0,"parent":0,"menu_order":0,"comment_status":"closed","ping_status":"closed","template":"elementor_header_footer","meta":{"spay_email":""},"yoast_head":"<!-- This site is optimized with the Yoast SEO plugin v15.0 - https:\/\/yoast.com\/wordpress\/plugins\/seo\/ -->\n<title>Als Experte anerkannt werden - Franchise IREF<\/title>\n<meta name=\"description\" content=\"Hier finden Sie alle Fragen und Antworten zu den Aufgaben von IREF und was es zu organisierten Handelsnetzwerken bringt.\" \/>\n<meta name=\"robots\" content=\"index, follow, max-snippet:-1, max-image-preview:large, max-video-preview:-1\" \/>\n<link rel=\"canonical\" href=\"https:\/\/www.franchise-iref.com\/de\/als-experte-anerkannt-werden\/\" \/>\n<meta property=\"og:locale\" content=\"de_DE\" \/>\n<meta property=\"og:type\" content=\"article\" \/>\n<meta property=\"og:title\" content=\"Als Experte anerkannt werden - Franchise IREF\" \/>\n<meta property=\"og:description\" content=\"Hier finden Sie alle Fragen und Antworten zu den Aufgaben von IREF und was es zu organisierten Handelsnetzwerken bringt.\" \/>\n<meta property=\"og:url\" content=\"https:\/\/www.franchise-iref.com\/de\/als-experte-anerkannt-werden\/\" \/>\n<meta property=\"og:site_name\" content=\"Franchise IREF\" \/>\n<meta property=\"article:publisher\" content=\"https:\/\/www.facebook.com\/IREF.federation\/\" \/>\n<meta property=\"article:modified_time\" content=\"2022-05-13T07:47:19+00:00\" \/>\n<meta property=\"og:image\" content=\"http:\/\/construction-franchise-iref.com\/wp-content\/uploads\/2019\/04\/expeet-franchise-iref.jpg\" \/>\n<meta name=\"twitter:card\" content=\"summary_large_image\" \/>\n<script type=\"application\/ld+json\" class=\"yoast-schema-graph\">{\"@context\":\"https:\/\/schema.org\",\"@graph\":[{\"@type\":\"WebSite\",\"@id\":\"https:\/\/www.franchise-iref.com\/de\/#website\",\"url\":\"https:\/\/www.franchise-iref.com\/de\/\",\"name\":\"Franchise IREF\",\"description\":\"F\\u00e9d\\u00e9ration des r\\u00e9seaux europ\\u00e9ens de partenariat et de Franchise\",\"potentialAction\":[{\"@type\":\"SearchAction\",\"target\":\"https:\/\/www.franchise-iref.com\/de\/?s={search_term_string}\",\"query-input\":\"required name=search_term_string\"}],\"inLanguage\":\"de\"},{\"@type\":\"ImageObject\",\"@id\":\"https:\/\/www.franchise-iref.com\/de\/als-experte-anerkannt-werden\/#primaryimage\",\"inLanguage\":\"de\",\"url\":\"http:\/\/construction-franchise-iref.com\/wp-content\/uploads\/2019\/04\/expeet-franchise-iref.jpg\"},{\"@type\":\"WebPage\",\"@id\":\"https:\/\/www.franchise-iref.com\/de\/als-experte-anerkannt-werden\/#webpage\",\"url\":\"https:\/\/www.franchise-iref.com\/de\/als-experte-anerkannt-werden\/\",\"name\":\"Als Experte anerkannt werden - Franchise IREF\",\"isPartOf\":{\"@id\":\"https:\/\/www.franchise-iref.com\/de\/#website\"},\"primaryImageOfPage\":{\"@id\":\"https:\/\/www.franchise-iref.com\/de\/als-experte-anerkannt-werden\/#primaryimage\"},\"datePublished\":\"2019-04-04T22:17:01+00:00\",\"dateModified\":\"2022-05-13T07:47:19+00:00\",\"description\":\"Hier finden Sie alle Fragen und Antworten zu den Aufgaben von IREF und was es zu organisierten Handelsnetzwerken bringt.\",\"inLanguage\":\"de\",\"potentialAction\":[{\"@type\":\"ReadAction\",\"target\":[\"https:\/\/www.franchise-iref.com\/de\/als-experte-anerkannt-werden\/\"]}]}]}<\/script>\n<!-- \/ Yoast SEO plugin. -->","jetpack_sharing_enabled":true,"jetpack_shortlink":"https:\/\/wp.me\/PaUua0-1Rj","_links":{"self":[{"href":"https:\/\/www.franchise-iref.com\/de\/wp-json\/wp\/v2\/pages\/7149"}],"collection":[{"href":"https:\/\/www.franchise-iref.com\/de\/wp-json\/wp\/v2\/pages"}],"about":[{"href":"https:\/\/www.franchise-iref.com\/de\/wp-json\/wp\/v2\/types\/page"}],"author":[{"embeddable":true,"href":"https:\/\/www.franchise-iref.com\/de\/wp-json\/wp\/v2\/users\/6"}],"replies":[{"embeddable":true,"href":"https:\/\/www.franchise-iref.com\/de\/wp-json\/wp\/v2\/comments?post=7149"}],"version-history":[{"count":2,"href":"https:\/\/www.franchise-iref.com\/de\/wp-json\/wp\/v2\/pages\/7149\/revisions"}],"predecessor-version":[{"id":7158,"href":"https:\/\/www.franchise-iref.com\/de\/wp-json\/wp\/v2\/pages\/7149\/revisions\/7158"}],"wp:attachment":[{"href":"https:\/\/www.franchise-iref.com\/de\/wp-json\/wp\/v2\/media?parent=7149"}],"curies":[{"name":"wp","href":"https:\/\/api.w.org\/{rel}","templated":true}]}}