{"id":7180,"date":"2019-04-04T20:04:27","date_gmt":"2019-04-04T18:04:27","guid":{"rendered":"https:\/\/www.franchise-iref.com\/index.php\/mitglied-werden\/"},"modified":"2022-05-13T09:47:34","modified_gmt":"2022-05-13T07:47:34","slug":"mitglied-werden","status":"publish","type":"page","link":"https:\/\/www.franchise-iref.com\/de\/mitglied-werden\/","title":{"rendered":"Mitglied werden"},"content":{"rendered":"<h1>Treten Sie der IREF bei<\/h1>\n<p style=\"font-weight: 400;\">Die Aktivit\u00e4ten von IREF sind darauf ausgerichtet, vernetzte Marken zu f\u00f6rdern. Tats\u00e4chlich ist die IREF der einzige transversale Verband aller Formen des unabh\u00e4ngigen oder assoziierten organisierten Handels (Franchise, Partnerschaft, Konzession, Markenlizenz, Mitgliedskommission, Genossenschaft, Gruppe usw.).<\/p>\n<p style=\"font-weight: 400;\">Dem IREF beizutreten, das sich aus Freiwilligen, Unternehmern und Akteuren des Wirtschafts- und Rechtslebens zusammensetzt, bedeutet, sich mit der Vielfalt der Erfahrungen und F\u00e4higkeiten eines jeden zu bereichern, um sich harmonisch zu entwickeln.<\/p>\n<ul>\n<li>\n\t\t\t\t\t<a href=\"https:\/\/www.franchise-iref.com\/wp-content\/uploads\/2022\/05\/Bulletin-Adhesion-IREF.pdf\" target=\"_blank\" rel=\"noopener noreferrer\"><br \/>\n\t\t\t\t\t\t\t\t\t\tLaden Sie das Beitrittsformular herunter<br \/>\n\t\t\t\t\t\t\t\t\t\t\t<\/a>\n\t\t\t\t\t\t\t\t\t<\/li>\n<\/ul>\n<h2>Eine Frage ?<\/h2>\n","protected":false},"excerpt":{"rendered":"<p>Treten Sie der IREF bei Die Aktivit\u00e4ten von IREF sind darauf ausgerichtet, vernetzte Marken zu f\u00f6rdern. Tats\u00e4chlich ist die IREF der einzige transversale Verband aller Formen des unabh\u00e4ngigen oder assoziierten organisierten Handels (Franchise, Partnerschaft, Konzession, Markenlizenz, Mitgliedskommission, Genossenschaft, Gruppe usw.). Dem IREF beizutreten, das sich aus Freiwilligen, Unternehmern und Akteuren<a class=\"moretag\" href=\"https:\/\/www.franchise-iref.com\/de\/mitglied-werden\/\"> Weiterlesen<\/a><\/p>\n","protected":false},"author":6,"featured_media":0,"parent":0,"menu_order":0,"comment_status":"closed","ping_status":"closed","template":"elementor_header_footer","meta":{"spay_email":""},"yoast_head":"<!-- This site is optimized with the Yoast SEO plugin v15.0 - https:\/\/yoast.com\/wordpress\/plugins\/seo\/ -->\n<title>Mitglied werden - Franchise IREF<\/title>\n<meta name=\"description\" content=\"Kontaktieren Sie die IREF und werden Sie Mitglied. Die IREF ist ein Verein, der sich f\u00fcr die St\u00e4rkung unabh\u00e4ngiger organisierter Handelsnetzwerke einsetzt.\" \/>\n<meta name=\"robots\" content=\"index, follow, max-snippet:-1, max-image-preview:large, max-video-preview:-1\" \/>\n<link rel=\"canonical\" href=\"https:\/\/www.franchise-iref.com\/de\/mitglied-werden\/\" \/>\n<meta property=\"og:locale\" content=\"de_DE\" \/>\n<meta property=\"og:type\" content=\"article\" \/>\n<meta property=\"og:title\" content=\"Mitglied werden - Franchise IREF\" \/>\n<meta property=\"og:description\" content=\"Kontaktieren Sie die IREF und werden Sie Mitglied. Die IREF ist ein Verein, der sich f\u00fcr die St\u00e4rkung unabh\u00e4ngiger organisierter Handelsnetzwerke einsetzt.\" \/>\n<meta property=\"og:url\" content=\"https:\/\/www.franchise-iref.com\/de\/mitglied-werden\/\" \/>\n<meta property=\"og:site_name\" content=\"Franchise IREF\" \/>\n<meta property=\"article:publisher\" content=\"https:\/\/www.facebook.com\/IREF.federation\/\" \/>\n<meta property=\"article:modified_time\" content=\"2022-05-13T07:47:34+00:00\" \/>\n<meta name=\"twitter:card\" content=\"summary_large_image\" \/>\n<script type=\"application\/ld+json\" class=\"yoast-schema-graph\">{\"@context\":\"https:\/\/schema.org\",\"@graph\":[{\"@type\":\"WebSite\",\"@id\":\"https:\/\/www.franchise-iref.com\/de\/#website\",\"url\":\"https:\/\/www.franchise-iref.com\/de\/\",\"name\":\"Franchise IREF\",\"description\":\"F\\u00e9d\\u00e9ration des r\\u00e9seaux europ\\u00e9ens de partenariat et de Franchise\",\"potentialAction\":[{\"@type\":\"SearchAction\",\"target\":\"https:\/\/www.franchise-iref.com\/de\/?s={search_term_string}\",\"query-input\":\"required name=search_term_string\"}],\"inLanguage\":\"de\"},{\"@type\":\"WebPage\",\"@id\":\"https:\/\/www.franchise-iref.com\/de\/mitglied-werden\/#webpage\",\"url\":\"https:\/\/www.franchise-iref.com\/de\/mitglied-werden\/\",\"name\":\"Mitglied werden - Franchise IREF\",\"isPartOf\":{\"@id\":\"https:\/\/www.franchise-iref.com\/de\/#website\"},\"datePublished\":\"2019-04-04T18:04:27+00:00\",\"dateModified\":\"2022-05-13T07:47:34+00:00\",\"description\":\"Kontaktieren Sie die IREF und werden Sie Mitglied. Die IREF ist ein Verein, der sich f\\u00fcr die St\\u00e4rkung unabh\\u00e4ngiger organisierter Handelsnetzwerke einsetzt.\",\"inLanguage\":\"de\",\"potentialAction\":[{\"@type\":\"ReadAction\",\"target\":[\"https:\/\/www.franchise-iref.com\/de\/mitglied-werden\/\"]}]}]}<\/script>\n<!-- \/ Yoast SEO plugin. -->","jetpack_sharing_enabled":true,"jetpack_shortlink":"https:\/\/wp.me\/PaUua0-1RO","_links":{"self":[{"href":"https:\/\/www.franchise-iref.com\/de\/wp-json\/wp\/v2\/pages\/7180"}],"collection":[{"href":"https:\/\/www.franchise-iref.com\/de\/wp-json\/wp\/v2\/pages"}],"about":[{"href":"https:\/\/www.franchise-iref.com\/de\/wp-json\/wp\/v2\/types\/page"}],"author":[{"embeddable":true,"href":"https:\/\/www.franchise-iref.com\/de\/wp-json\/wp\/v2\/users\/6"}],"replies":[{"embeddable":true,"href":"https:\/\/www.franchise-iref.com\/de\/wp-json\/wp\/v2\/comments?post=7180"}],"version-history":[{"count":2,"href":"https:\/\/www.franchise-iref.com\/de\/wp-json\/wp\/v2\/pages\/7180\/revisions"}],"predecessor-version":[{"id":7182,"href":"https:\/\/www.franchise-iref.com\/de\/wp-json\/wp\/v2\/pages\/7180\/revisions\/7182"}],"wp:attachment":[{"href":"https:\/\/www.franchise-iref.com\/de\/wp-json\/wp\/v2\/media?parent=7180"}],"curies":[{"name":"wp","href":"https:\/\/api.w.org\/{rel}","templated":true}]}}