{"id":7101,"date":"2019-03-04T22:24:25","date_gmt":"2019-03-04T21:24:25","guid":{"rendered":"https:\/\/www.franchise-iref.com\/index.php\/orden-del-dia-de-la-iref\/el-blog-de-la-iref\/"},"modified":"2022-05-13T09:47:19","modified_gmt":"2022-05-13T07:47:19","slug":"el-blog-de-la-iref","status":"publish","type":"page","link":"https:\/\/www.franchise-iref.com\/es\/orden-del-dia-de-la-iref\/el-blog-de-la-iref\/","title":{"rendered":"El blog de la IREF"},"content":{"rendered":"\t\t<div data-elementor-type=\"wp-post\" data-elementor-id=\"7101\" class=\"elementor elementor-7101 elementor-1078\" data-elementor-settings=\"[]\">\n\t\t\t\t\t\t<div class=\"elementor-inner\">\n\t\t\t\t\t\t\t<div class=\"elementor-section-wrap\">\n\t\t\t\t\t\t\t<section class=\"elementor-section elementor-top-section elementor-element elementor-element-33935fc6 elementor-section-boxed elementor-section-height-default elementor-section-height-default\" data-id=\"33935fc6\" data-element_type=\"section\" data-settings=\"{&quot;background_background&quot;:&quot;classic&quot;}\">\n\t\t\t\t\t\t<div class=\"elementor-container elementor-column-gap-no\">\n\t\t\t\t\t\t\t<div class=\"elementor-row\">\n\t\t\t\t\t<div class=\"elementor-column elementor-col-100 elementor-top-column elementor-element elementor-element-5886315c\" data-id=\"5886315c\" data-element_type=\"column\">\n\t\t\t<div class=\"elementor-column-wrap elementor-element-populated\">\n\t\t\t\t\t\t\t<div class=\"elementor-widget-wrap\">\n\t\t\t\t\t\t<div class=\"elementor-element elementor-element-8ea7aac elementor-widget elementor-widget-heading\" data-id=\"8ea7aac\" data-element_type=\"widget\" data-widget_type=\"heading.default\">\n\t\t\t\t<div class=\"elementor-widget-container\">\n\t\t\t<h1 class=\"elementor-heading-title elementor-size-xxl\">El blog de la IREF<\/h1>\t\t<\/div>\n\t\t\t\t<\/div>\n\t\t\t\t<div class=\"elementor-element elementor-element-2fa48b22 elementor-widget elementor-widget-text-editor\" data-id=\"2fa48b22\" data-element_type=\"widget\" data-widget_type=\"text-editor.default\">\n\t\t\t\t<div class=\"elementor-widget-container\">\n\t\t\t\t\t<div class=\"elementor-text-editor elementor-clearfix\"><p>Encuentre nuestras \u00faltimas noticias sobre Franquicias en Francia y Europa, as\u00ed como sobre la vida de la IREF.<\/p><\/div>\n\t\t\t\t<\/div>\n\t\t\t\t<\/div>\n\t\t\t\t\t\t<\/div>\n\t\t\t\t\t<\/div>\n\t\t<\/div>\n\t\t\t\t\t\t\t\t<\/div>\n\t\t\t\t\t<\/div>\n\t\t<\/section>\n\t\t\t\t<section class=\"elementor-section elementor-top-section elementor-element elementor-element-7c8a591 elementor-section-boxed elementor-section-height-default elementor-section-height-default\" data-id=\"7c8a591\" data-element_type=\"section\" data-settings=\"{&quot;background_background&quot;:&quot;classic&quot;}\">\n\t\t\t\t\t\t<div class=\"elementor-container elementor-column-gap-no\">\n\t\t\t\t\t\t\t<div class=\"elementor-row\">\n\t\t\t\t\t<div class=\"elementor-column elementor-col-100 elementor-top-column elementor-element elementor-element-20582c1\" data-id=\"20582c1\" data-element_type=\"column\">\n\t\t\t<div class=\"elementor-column-wrap elementor-element-populated\">\n\t\t\t\t\t\t\t<div class=\"elementor-widget-wrap\">\n\t\t\t\t\t\t<div class=\"elementor-element elementor-element-30eb858 elementor-widget elementor-widget-heading\" data-id=\"30eb858\" data-element_type=\"widget\" data-widget_type=\"heading.default\">\n\t\t\t\t<div class=\"elementor-widget-container\">\n\t\t\t<h2 class=\"elementor-heading-title elementor-size-xl\">\u00faltimos art\u00edculos<\/h2>\t\t<\/div>\n\t\t\t\t<\/div>\n\t\t\t\t\t\t<\/div>\n\t\t\t\t\t<\/div>\n\t\t<\/div>\n\t\t\t\t\t\t\t\t<\/div>\n\t\t\t\t\t<\/div>\n\t\t<\/section>\n\t\t\t\t\t\t<\/div>\n\t\t\t\t\t\t<\/div>\n\t\t\t\t\t<\/div>\n\t\t","protected":false},"excerpt":{"rendered":"<p>El blog de la IREF Encuentre nuestras \u00faltimas noticias sobre Franquicias en Francia y Europa, as\u00ed como sobre la vida de la IREF. \u00faltimos art\u00edculos<\/p>\n","protected":false},"author":6,"featured_media":0,"parent":7045,"menu_order":0,"comment_status":"open","ping_status":"closed","template":"elementor_canvas","meta":{"spay_email":""},"yoast_head":"<!-- This site is optimized with the Yoast SEO plugin v15.0 - https:\/\/yoast.com\/wordpress\/plugins\/seo\/ -->\n<title>El blog de la IREF - Franchise IREF<\/title>\n<meta name=\"description\" content=\"El blog de la IREF re\u00fane toda la actualidad relativa a la IREF. Descubre tambi\u00e9n todas las novedades en las redes de comercio organizado.\" \/>\n<meta name=\"robots\" content=\"index, follow, max-snippet:-1, max-image-preview:large, max-video-preview:-1\" \/>\n<link rel=\"canonical\" href=\"https:\/\/www.franchise-iref.com\/es\/orden-del-dia-de-la-iref\/el-blog-de-la-iref\/\" \/>\n<meta property=\"og:locale\" content=\"es_ES\" \/>\n<meta property=\"og:type\" content=\"article\" \/>\n<meta property=\"og:title\" content=\"El blog de la IREF - Franchise IREF\" \/>\n<meta property=\"og:description\" content=\"El blog de la IREF re\u00fane toda la actualidad relativa a la IREF. Descubre tambi\u00e9n todas las novedades en las redes de comercio organizado.\" \/>\n<meta property=\"og:url\" content=\"https:\/\/www.franchise-iref.com\/es\/orden-del-dia-de-la-iref\/el-blog-de-la-iref\/\" \/>\n<meta property=\"og:site_name\" content=\"Franchise IREF\" \/>\n<meta property=\"article:publisher\" content=\"https:\/\/www.facebook.com\/IREF.federation\/\" \/>\n<meta property=\"article:modified_time\" content=\"2022-05-13T07:47:19+00:00\" \/>\n<meta name=\"twitter:card\" content=\"summary_large_image\" \/>\n<script type=\"application\/ld+json\" class=\"yoast-schema-graph\">{\"@context\":\"https:\/\/schema.org\",\"@graph\":[{\"@type\":\"WebSite\",\"@id\":\"https:\/\/www.franchise-iref.com\/es\/#website\",\"url\":\"https:\/\/www.franchise-iref.com\/es\/\",\"name\":\"Franchise IREF\",\"description\":\"F\\u00e9d\\u00e9ration des r\\u00e9seaux europ\\u00e9ens de partenariat et de Franchise\",\"potentialAction\":[{\"@type\":\"SearchAction\",\"target\":\"https:\/\/www.franchise-iref.com\/es\/?s={search_term_string}\",\"query-input\":\"required name=search_term_string\"}],\"inLanguage\":\"es\"},{\"@type\":\"WebPage\",\"@id\":\"https:\/\/www.franchise-iref.com\/es\/orden-del-dia-de-la-iref\/el-blog-de-la-iref\/#webpage\",\"url\":\"https:\/\/www.franchise-iref.com\/es\/orden-del-dia-de-la-iref\/el-blog-de-la-iref\/\",\"name\":\"El blog de la IREF - Franchise IREF\",\"isPartOf\":{\"@id\":\"https:\/\/www.franchise-iref.com\/es\/#website\"},\"datePublished\":\"2019-03-04T21:24:25+00:00\",\"dateModified\":\"2022-05-13T07:47:19+00:00\",\"description\":\"El blog de la IREF re\\u00fane toda la actualidad relativa a la IREF. Descubre tambi\\u00e9n todas las novedades en las redes de comercio organizado.\",\"inLanguage\":\"es\",\"potentialAction\":[{\"@type\":\"ReadAction\",\"target\":[\"https:\/\/www.franchise-iref.com\/es\/orden-del-dia-de-la-iref\/el-blog-de-la-iref\/\"]}]}]}<\/script>\n<!-- \/ Yoast SEO plugin. -->","jetpack_sharing_enabled":true,"jetpack_shortlink":"https:\/\/wp.me\/PaUua0-1Qx","_links":{"self":[{"href":"https:\/\/www.franchise-iref.com\/es\/wp-json\/wp\/v2\/pages\/7101"}],"collection":[{"href":"https:\/\/www.franchise-iref.com\/es\/wp-json\/wp\/v2\/pages"}],"about":[{"href":"https:\/\/www.franchise-iref.com\/es\/wp-json\/wp\/v2\/types\/page"}],"author":[{"embeddable":true,"href":"https:\/\/www.franchise-iref.com\/es\/wp-json\/wp\/v2\/users\/6"}],"replies":[{"embeddable":true,"href":"https:\/\/www.franchise-iref.com\/es\/wp-json\/wp\/v2\/comments?post=7101"}],"version-history":[{"count":2,"href":"https:\/\/www.franchise-iref.com\/es\/wp-json\/wp\/v2\/pages\/7101\/revisions"}],"predecessor-version":[{"id":7113,"href":"https:\/\/www.franchise-iref.com\/es\/wp-json\/wp\/v2\/pages\/7101\/revisions\/7113"}],"up":[{"embeddable":true,"href":"https:\/\/www.franchise-iref.com\/es\/wp-json\/wp\/v2\/pages\/7045"}],"wp:attachment":[{"href":"https:\/\/www.franchise-iref.com\/es\/wp-json\/wp\/v2\/media?parent=7101"}],"curies":[{"name":"wp","href":"https:\/\/api.w.org\/{rel}","templated":true}]}}