{"id":7186,"date":"2019-04-04T20:04:27","date_gmt":"2019-04-04T18:04:27","guid":{"rendered":"https:\/\/www.franchise-iref.com\/index.php\/volverse-miembro\/"},"modified":"2022-05-13T09:47:34","modified_gmt":"2022-05-13T07:47:34","slug":"volverse-miembro","status":"publish","type":"page","link":"https:\/\/www.franchise-iref.com\/es\/volverse-miembro\/","title":{"rendered":"Volverse miembro"},"content":{"rendered":"<h1>\u00danete a la IREF<\/h1>\n<p style=\"font-weight: 400;\">Las actividades de IREF est\u00e1n dedicadas a la promoci\u00f3n de marcas en red. En efecto, la IREF es la \u00fanica federaci\u00f3n transversal de todas las formas de comercio organizado independiente o asociado (franquicia, sociedad, concesi\u00f3n, licencia de marca, comisi\u00f3n de afiliaci\u00f3n, cooperativa, agrupaci\u00f3n, etc.).<\/p>\n<p style=\"font-weight: 400;\">Integrarse a la IREF, integrada por voluntarios, l\u00edderes empresariales y actores de la vida econ\u00f3mica y jur\u00eddica, significa enriquecerse con la diversidad de experiencias y habilidades de cada uno, para poder desarrollarse arm\u00f3nicamente.<\/p>\n<ul>\n<li>\n\t\t\t\t\t<a href=\"https:\/\/www.franchise-iref.com\/wp-content\/uploads\/2022\/05\/Bulletin-Adhesion-IREF.pdf\" target=\"_blank\" rel=\"noopener noreferrer\"><br \/>\n\t\t\t\t\t\t\t\t\t\tDescarga el formulario de afiliaci\u00f3n<br \/>\n\t\t\t\t\t\t\t\t\t\t\t<\/a>\n\t\t\t\t\t\t\t\t\t<\/li>\n<\/ul>\n<h2>Una pregunta ?<\/h2>\n","protected":false},"excerpt":{"rendered":"<p>\u00danete a la IREF Las actividades de IREF est\u00e1n dedicadas a la promoci\u00f3n de marcas en red. En efecto, la IREF es la \u00fanica federaci\u00f3n transversal de todas las formas de comercio organizado independiente o asociado (franquicia, sociedad, concesi\u00f3n, licencia de marca, comisi\u00f3n de afiliaci\u00f3n, cooperativa, agrupaci\u00f3n, etc.). Integrarse a<a class=\"moretag\" href=\"https:\/\/www.franchise-iref.com\/es\/volverse-miembro\/\"> Leer m\u00e1s<\/a><\/p>\n","protected":false},"author":6,"featured_media":0,"parent":0,"menu_order":0,"comment_status":"closed","ping_status":"closed","template":"elementor_header_footer","meta":{"spay_email":""},"yoast_head":"<!-- This site is optimized with the Yoast SEO plugin v15.0 - https:\/\/yoast.com\/wordpress\/plugins\/seo\/ -->\n<title>Volverse miembro - Franchise IREF<\/title>\n<meta name=\"description\" content=\"Contacta con la IREF y hazte socio. La IREF es una asociaci\u00f3n que trabaja para la potenciaci\u00f3n de las redes comerciales organizadas independientes.\" \/>\n<meta name=\"robots\" content=\"index, follow, max-snippet:-1, max-image-preview:large, max-video-preview:-1\" \/>\n<link rel=\"canonical\" href=\"https:\/\/www.franchise-iref.com\/es\/volverse-miembro\/\" \/>\n<meta property=\"og:locale\" content=\"es_ES\" \/>\n<meta property=\"og:type\" content=\"article\" \/>\n<meta property=\"og:title\" content=\"Volverse miembro - Franchise IREF\" \/>\n<meta property=\"og:description\" content=\"Contacta con la IREF y hazte socio. La IREF es una asociaci\u00f3n que trabaja para la potenciaci\u00f3n de las redes comerciales organizadas independientes.\" \/>\n<meta property=\"og:url\" content=\"https:\/\/www.franchise-iref.com\/es\/volverse-miembro\/\" \/>\n<meta property=\"og:site_name\" content=\"Franchise IREF\" \/>\n<meta property=\"article:publisher\" content=\"https:\/\/www.facebook.com\/IREF.federation\/\" \/>\n<meta property=\"article:modified_time\" content=\"2022-05-13T07:47:34+00:00\" \/>\n<meta name=\"twitter:card\" content=\"summary_large_image\" \/>\n<script type=\"application\/ld+json\" class=\"yoast-schema-graph\">{\"@context\":\"https:\/\/schema.org\",\"@graph\":[{\"@type\":\"WebSite\",\"@id\":\"https:\/\/www.franchise-iref.com\/es\/#website\",\"url\":\"https:\/\/www.franchise-iref.com\/es\/\",\"name\":\"Franchise IREF\",\"description\":\"F\\u00e9d\\u00e9ration des r\\u00e9seaux europ\\u00e9ens de partenariat et de Franchise\",\"potentialAction\":[{\"@type\":\"SearchAction\",\"target\":\"https:\/\/www.franchise-iref.com\/es\/?s={search_term_string}\",\"query-input\":\"required name=search_term_string\"}],\"inLanguage\":\"es\"},{\"@type\":\"WebPage\",\"@id\":\"https:\/\/www.franchise-iref.com\/es\/volverse-miembro\/#webpage\",\"url\":\"https:\/\/www.franchise-iref.com\/es\/volverse-miembro\/\",\"name\":\"Volverse miembro - Franchise IREF\",\"isPartOf\":{\"@id\":\"https:\/\/www.franchise-iref.com\/es\/#website\"},\"datePublished\":\"2019-04-04T18:04:27+00:00\",\"dateModified\":\"2022-05-13T07:47:34+00:00\",\"description\":\"Contacta con la IREF y hazte socio. La IREF es una asociaci\\u00f3n que trabaja para la potenciaci\\u00f3n de las redes comerciales organizadas independientes.\",\"inLanguage\":\"es\",\"potentialAction\":[{\"@type\":\"ReadAction\",\"target\":[\"https:\/\/www.franchise-iref.com\/es\/volverse-miembro\/\"]}]}]}<\/script>\n<!-- \/ Yoast SEO plugin. -->","jetpack_sharing_enabled":true,"jetpack_shortlink":"https:\/\/wp.me\/PaUua0-1RU","_links":{"self":[{"href":"https:\/\/www.franchise-iref.com\/es\/wp-json\/wp\/v2\/pages\/7186"}],"collection":[{"href":"https:\/\/www.franchise-iref.com\/es\/wp-json\/wp\/v2\/pages"}],"about":[{"href":"https:\/\/www.franchise-iref.com\/es\/wp-json\/wp\/v2\/types\/page"}],"author":[{"embeddable":true,"href":"https:\/\/www.franchise-iref.com\/es\/wp-json\/wp\/v2\/users\/6"}],"replies":[{"embeddable":true,"href":"https:\/\/www.franchise-iref.com\/es\/wp-json\/wp\/v2\/comments?post=7186"}],"version-history":[{"count":2,"href":"https:\/\/www.franchise-iref.com\/es\/wp-json\/wp\/v2\/pages\/7186\/revisions"}],"predecessor-version":[{"id":7188,"href":"https:\/\/www.franchise-iref.com\/es\/wp-json\/wp\/v2\/pages\/7186\/revisions\/7188"}],"wp:attachment":[{"href":"https:\/\/www.franchise-iref.com\/es\/wp-json\/wp\/v2\/media?parent=7186"}],"curies":[{"name":"wp","href":"https:\/\/api.w.org\/{rel}","templated":true}]}}